{"id":6609,"date":"2024-04-23T11:18:31","date_gmt":"2024-04-23T08:18:31","guid":{"rendered":"https:\/\/www.jokinenkonu.com\/?post_type=product&#038;p=6609"},"modified":"2024-04-23T11:40:00","modified_gmt":"2024-04-23T08:40:00","slug":"innolux-multi-s-brass","status":"publish","type":"product","link":"https:\/\/www.jokinenkonu.com\/fi\/tuote\/innolux-multi-s-brass\/","title":{"rendered":"Innolux Multi S Messinki"},"content":{"rendered":"<div data-elementor-type=\"wp-post\" data-elementor-id=\"6609\" class=\"elementor elementor-6609\">\n\t\t\t\t\t\t<div class=\"elementor-inner\">\n\t\t\t\t<div class=\"elementor-section-wrap\">\n\t\t\t\t\t\t\t\t\t<section class=\"elementor-section elementor-top-section elementor-element elementor-element-15c06373 elementor-section-boxed elementor-section-height-default elementor-section-height-default\" data-id=\"15c06373\" data-element_type=\"section\">\n\t\t\t\t\t\t<div class=\"elementor-container elementor-column-gap-default\">\n\t\t\t\t\t\t\t<div class=\"elementor-row\">\n\t\t\t\t\t<div class=\"elementor-column elementor-col-100 elementor-top-column elementor-element elementor-element-40d03d13\" data-id=\"40d03d13\" data-element_type=\"column\">\n\t\t\t<div class=\"elementor-column-wrap elementor-element-populated\">\n\t\t\t\t\t\t\t<div class=\"elementor-widget-wrap\">\n\t\t\t\t\t\t<div class=\"elementor-element elementor-element-37ed62a2 elementor-widget elementor-widget-text-editor\" data-id=\"37ed62a2\" data-element_type=\"widget\" data-widget_type=\"text-editor.default\">\n\t\t\t\t<div class=\"elementor-widget-container\">\n\t\t\t\t\t\t\t\t<div class=\"elementor-text-editor elementor-clearfix\">\n\t\t\t\t<h5><span style=\"font-weight: 400;\">Materiaali: Valkoinen lasi ja messinki<\/span><\/h5><h5><span style=\"font-weight: 400;\">Koko: \u2300 14,6 cm, h = 17 cm<\/span><\/h5><h5><span style=\"font-weight: 400;\">Valonl\u00e4hde: 1 x LED E27 (ei sis\u00e4ll\u00e4 polttimoa)<\/span><\/h5>\t\t\t\t\t<\/div>\n\t\t\t\t\t\t<\/div>\n\t\t\t\t<\/div>\n\t\t\t\t\t\t<\/div>\n\t\t\t\t\t<\/div>\n\t\t<\/div>\n\t\t\t\t\t\t\t\t<\/div>\n\t\t\t\t\t<\/div>\n\t\t<\/section>\n\t\t\t\t\t\t\t\t\t<\/div>\n\t\t\t<\/div>\n\t\t\t\t\t<\/div>","protected":false},"excerpt":{"rendered":"<h4>Innolux Multi S Messinki<\/h4>\n<h4>Riippuvalaisin<\/h4>\n<h4>Valkoinen<\/h4>\n<p>&nbsp;<\/p>\n<h5><span style=\"font-weight: 400;\">Kolmessa koossa valmistettava Multi riippumalli sai p\u00e4ivitetyn ilmeen: Multi valkoinen sai messinkisen putkimaisen kruunun, jonka l\u00e4pi tekstiilijohto kulkee kohti kattokiinnityst\u00e4. Yhten\u00e4isen, uudistetun ulkon\u00e4\u00f6n my\u00f6t\u00e4 Multi valaisintuoteperhe on luontevaa sijoittaa l\u00e4hekk\u00e4in tai nostaa eri tiloissa harkitun kokonaisuuden punaiseksi langaksi. Modulaarisuutta hy\u00f6dynt\u00e4v\u00e4 lasinpuhallusmuotti on t\u00e4m\u00e4n tuoreen klassikon silm\u00e4\u00e4 miellytt\u00e4v\u00e4n muotoilun ydin. Valaisimen arvokkuutta hehkuva henki kohottaa koko tilan tunnelman tavoitellulle tasolle.<\/span><\/h5>\n<p>&nbsp;<\/p>\n<h4>Ilmainen toimitus Suomessa<\/h4>\n<p>&nbsp;<\/p>","protected":false},"featured_media":6610,"comment_status":"open","ping_status":"closed","template":"elementor_header_footer","meta":{"content-type":"","spay_email":"","_vp_format_video_url":"","_vp_image_focal_point":[]},"product_cat":[24],"product_tag":[51,63,57,27,52,54],"class_list":["post-6609","product","type-product","status-publish","has-post-thumbnail","hentry","product_cat-innoluxlights","product_tag-glass","product_tag-innolux","product_tag-light","product_tag-multi","product_tag-pendant","product_tag-white"],"yoast_head":"<!-- This site is optimized with the Yoast SEO plugin v20.10 - https:\/\/yoast.com\/wordpress\/plugins\/seo\/ -->\n<title>Innolux Multi S Brass &mdash; Glass Pendant Light by Jokinen Konu Design<\/title>\n<meta name=\"description\" content=\"The Multi hanging model, produced in three sizes, got an updated look: Multi white got a brass tubular crown, through which the textile cord runs towards the ceiling attachment. With the unified, renewed appearance, the Multi lighting product family is natural to place close together or to make a well-thought-out ensemble in different spaces the common thread. A glassblowing mold that utilizes modularity is the core of the eye-pleasing design of this fresh classic. The glowing spirit of the lamp&#039;s dignity raises the atmosphere of the entire space to the desired level.\" \/>\n<meta name=\"robots\" content=\"index, follow, max-snippet:-1, max-image-preview:large, max-video-preview:-1\" \/>\n<link rel=\"canonical\" href=\"https:\/\/www.jokinenkonu.com\/fi\/tuote\/innolux-multi-s-brass\/\" \/>\n<meta property=\"og:locale\" content=\"fi_FI\" \/>\n<meta property=\"og:type\" content=\"article\" \/>\n<meta property=\"og:title\" content=\"Innolux Multi S Brass &mdash; Glass Pendant Light by Jokinen Konu Design\" \/>\n<meta property=\"og:description\" content=\"The Multi hanging model, produced in three sizes, got an updated look: Multi white got a brass tubular crown, through which the textile cord runs towards the ceiling attachment. With the unified, renewed appearance, the Multi lighting product family is natural to place close together or to make a well-thought-out ensemble in different spaces the common thread. A glassblowing mold that utilizes modularity is the core of the eye-pleasing design of this fresh classic. The glowing spirit of the lamp&#039;s dignity raises the atmosphere of the entire space to the desired level.\" \/>\n<meta property=\"og:url\" content=\"https:\/\/www.jokinenkonu.com\/fi\/tuote\/innolux-multi-s-brass\/\" \/>\n<meta property=\"article:publisher\" content=\"https:\/\/www.facebook.com\/jokinenkonu\" \/>\n<meta property=\"article:modified_time\" content=\"2024-04-23T08:40:00+00:00\" \/>\n<meta property=\"og:image\" content=\"https:\/\/www.jokinenkonu.com\/wp-content\/uploads\/2024\/04\/multi-s-messinki-riippuvalaisin-riippuvalaisin-innolux-659173.webp\" \/>\n\t<meta property=\"og:image:width\" content=\"1000\" \/>\n\t<meta property=\"og:image:height\" content=\"1000\" \/>\n\t<meta property=\"og:image:type\" content=\"image\/webp\" \/>\n<meta name=\"twitter:card\" content=\"summary_large_image\" \/>\n<script type=\"application\/ld+json\" class=\"yoast-schema-graph\">{\"@context\":\"https:\/\/schema.org\",\"@graph\":[{\"@type\":\"WebPage\",\"@id\":\"https:\/\/www.jokinenkonu.com\/tuote\/innolux-multi-s-brass\/\",\"url\":\"https:\/\/www.jokinenkonu.com\/tuote\/innolux-multi-s-brass\/\",\"name\":\"Innolux Multi S Brass &mdash; Glass Pendant Light by Jokinen Konu Design\",\"isPartOf\":{\"@id\":\"https:\/\/www.jokinenkonu.com\/#website\"},\"datePublished\":\"2024-04-23T08:18:31+00:00\",\"dateModified\":\"2024-04-23T08:40:00+00:00\",\"description\":\"The Multi hanging model, produced in three sizes, got an updated look: Multi white got a brass tubular crown, through which the textile cord runs towards the ceiling attachment. With the unified, renewed appearance, the Multi lighting product family is natural to place close together or to make a well-thought-out ensemble in different spaces the common thread. A glassblowing mold that utilizes modularity is the core of the eye-pleasing design of this fresh classic. The glowing spirit of the lamp's dignity raises the atmosphere of the entire space to the desired level.\",\"breadcrumb\":{\"@id\":\"https:\/\/www.jokinenkonu.com\/tuote\/innolux-multi-s-brass\/#breadcrumb\"},\"inLanguage\":\"fi\",\"potentialAction\":[{\"@type\":\"ReadAction\",\"target\":[\"https:\/\/www.jokinenkonu.com\/tuote\/innolux-multi-s-brass\/\"]}]},{\"@type\":\"BreadcrumbList\",\"@id\":\"https:\/\/www.jokinenkonu.com\/tuote\/innolux-multi-s-brass\/#breadcrumb\",\"itemListElement\":[{\"@type\":\"ListItem\",\"position\":1,\"name\":\"Etusivu\",\"item\":\"https:\/\/www.jokinenkonu.com\/\"},{\"@type\":\"ListItem\",\"position\":2,\"name\":\"Innolux Multi S Brass\"}]},{\"@type\":\"WebSite\",\"@id\":\"https:\/\/www.jokinenkonu.com\/#website\",\"url\":\"https:\/\/www.jokinenkonu.com\/\",\"name\":\"Jokinen Konu Design\",\"description\":\"\",\"publisher\":{\"@id\":\"https:\/\/www.jokinenkonu.com\/#organization\"},\"potentialAction\":[{\"@type\":\"SearchAction\",\"target\":{\"@type\":\"EntryPoint\",\"urlTemplate\":\"https:\/\/www.jokinenkonu.com\/?s={search_term_string}\"},\"query-input\":\"required name=search_term_string\"}],\"inLanguage\":\"fi\"},{\"@type\":\"Organization\",\"@id\":\"https:\/\/www.jokinenkonu.com\/#organization\",\"name\":\"Jokinen Konu Design\",\"url\":\"https:\/\/www.jokinenkonu.com\/\",\"logo\":{\"@type\":\"ImageObject\",\"inLanguage\":\"fi\",\"@id\":\"https:\/\/www.jokinenkonu.com\/#\/schema\/logo\/image\/\",\"url\":\"https:\/\/www.jokinenkonu.com\/wp-content\/uploads\/2020\/08\/cropped-Nayttokuva-2020-8-17-kello-12.45.31-1.png\",\"contentUrl\":\"https:\/\/www.jokinenkonu.com\/wp-content\/uploads\/2020\/08\/cropped-Nayttokuva-2020-8-17-kello-12.45.31-1.png\",\"width\":1794,\"height\":1792,\"caption\":\"Jokinen Konu Design\"},\"image\":{\"@id\":\"https:\/\/www.jokinenkonu.com\/#\/schema\/logo\/image\/\"},\"sameAs\":[\"https:\/\/www.facebook.com\/jokinenkonu\",\"https:\/\/www.instagram.com\/jokinenkonu\/\",\"https:\/\/www.linkedin.com\/company\/jokinen-konu-design-oy\/\"]}]}<\/script>\n<!-- \/ Yoast SEO plugin. -->","yoast_head_json":{"title":"Innolux Multi S Brass &mdash; Glass Pendant Light by Jokinen Konu Design","description":"The Multi hanging model, produced in three sizes, got an updated look: Multi white got a brass tubular crown, through which the textile cord runs towards the ceiling attachment. With the unified, renewed appearance, the Multi lighting product family is natural to place close together or to make a well-thought-out ensemble in different spaces the common thread. A glassblowing mold that utilizes modularity is the core of the eye-pleasing design of this fresh classic. The glowing spirit of the lamp's dignity raises the atmosphere of the entire space to the desired level.","robots":{"index":"index","follow":"follow","max-snippet":"max-snippet:-1","max-image-preview":"max-image-preview:large","max-video-preview":"max-video-preview:-1"},"canonical":"https:\/\/www.jokinenkonu.com\/fi\/tuote\/innolux-multi-s-brass\/","og_locale":"fi_FI","og_type":"article","og_title":"Innolux Multi S Brass &mdash; Glass Pendant Light by Jokinen Konu Design","og_description":"The Multi hanging model, produced in three sizes, got an updated look: Multi white got a brass tubular crown, through which the textile cord runs towards the ceiling attachment. With the unified, renewed appearance, the Multi lighting product family is natural to place close together or to make a well-thought-out ensemble in different spaces the common thread. A glassblowing mold that utilizes modularity is the core of the eye-pleasing design of this fresh classic. The glowing spirit of the lamp's dignity raises the atmosphere of the entire space to the desired level.","og_url":"https:\/\/www.jokinenkonu.com\/fi\/tuote\/innolux-multi-s-brass\/","article_publisher":"https:\/\/www.facebook.com\/jokinenkonu","article_modified_time":"2024-04-23T08:40:00+00:00","og_image":[{"width":1000,"height":1000,"url":"https:\/\/www.jokinenkonu.com\/wp-content\/uploads\/2024\/04\/multi-s-messinki-riippuvalaisin-riippuvalaisin-innolux-659173.webp","type":"image\/webp"}],"twitter_card":"summary_large_image","schema":{"@context":"https:\/\/schema.org","@graph":[{"@type":"WebPage","@id":"https:\/\/www.jokinenkonu.com\/tuote\/innolux-multi-s-brass\/","url":"https:\/\/www.jokinenkonu.com\/tuote\/innolux-multi-s-brass\/","name":"Innolux Multi S Brass &mdash; Glass Pendant Light by Jokinen Konu Design","isPartOf":{"@id":"https:\/\/www.jokinenkonu.com\/#website"},"datePublished":"2024-04-23T08:18:31+00:00","dateModified":"2024-04-23T08:40:00+00:00","description":"The Multi hanging model, produced in three sizes, got an updated look: Multi white got a brass tubular crown, through which the textile cord runs towards the ceiling attachment. With the unified, renewed appearance, the Multi lighting product family is natural to place close together or to make a well-thought-out ensemble in different spaces the common thread. A glassblowing mold that utilizes modularity is the core of the eye-pleasing design of this fresh classic. The glowing spirit of the lamp's dignity raises the atmosphere of the entire space to the desired level.","breadcrumb":{"@id":"https:\/\/www.jokinenkonu.com\/tuote\/innolux-multi-s-brass\/#breadcrumb"},"inLanguage":"fi","potentialAction":[{"@type":"ReadAction","target":["https:\/\/www.jokinenkonu.com\/tuote\/innolux-multi-s-brass\/"]}]},{"@type":"BreadcrumbList","@id":"https:\/\/www.jokinenkonu.com\/tuote\/innolux-multi-s-brass\/#breadcrumb","itemListElement":[{"@type":"ListItem","position":1,"name":"Etusivu","item":"https:\/\/www.jokinenkonu.com\/"},{"@type":"ListItem","position":2,"name":"Innolux Multi S Brass"}]},{"@type":"WebSite","@id":"https:\/\/www.jokinenkonu.com\/#website","url":"https:\/\/www.jokinenkonu.com\/","name":"Jokinen Konu Design","description":"","publisher":{"@id":"https:\/\/www.jokinenkonu.com\/#organization"},"potentialAction":[{"@type":"SearchAction","target":{"@type":"EntryPoint","urlTemplate":"https:\/\/www.jokinenkonu.com\/?s={search_term_string}"},"query-input":"required name=search_term_string"}],"inLanguage":"fi"},{"@type":"Organization","@id":"https:\/\/www.jokinenkonu.com\/#organization","name":"Jokinen Konu Design","url":"https:\/\/www.jokinenkonu.com\/","logo":{"@type":"ImageObject","inLanguage":"fi","@id":"https:\/\/www.jokinenkonu.com\/#\/schema\/logo\/image\/","url":"https:\/\/www.jokinenkonu.com\/wp-content\/uploads\/2020\/08\/cropped-Nayttokuva-2020-8-17-kello-12.45.31-1.png","contentUrl":"https:\/\/www.jokinenkonu.com\/wp-content\/uploads\/2020\/08\/cropped-Nayttokuva-2020-8-17-kello-12.45.31-1.png","width":1794,"height":1792,"caption":"Jokinen Konu Design"},"image":{"@id":"https:\/\/www.jokinenkonu.com\/#\/schema\/logo\/image\/"},"sameAs":["https:\/\/www.facebook.com\/jokinenkonu","https:\/\/www.instagram.com\/jokinenkonu\/","https:\/\/www.linkedin.com\/company\/jokinen-konu-design-oy\/"]}]}},"_links":{"self":[{"href":"https:\/\/www.jokinenkonu.com\/fi\/wp-json\/wp\/v2\/product\/6609","targetHints":{"allow":["GET"]}}],"collection":[{"href":"https:\/\/www.jokinenkonu.com\/fi\/wp-json\/wp\/v2\/product"}],"about":[{"href":"https:\/\/www.jokinenkonu.com\/fi\/wp-json\/wp\/v2\/types\/product"}],"replies":[{"embeddable":true,"href":"https:\/\/www.jokinenkonu.com\/fi\/wp-json\/wp\/v2\/comments?post=6609"}],"version-history":[{"count":4,"href":"https:\/\/www.jokinenkonu.com\/fi\/wp-json\/wp\/v2\/product\/6609\/revisions"}],"predecessor-version":[{"id":6620,"href":"https:\/\/www.jokinenkonu.com\/fi\/wp-json\/wp\/v2\/product\/6609\/revisions\/6620"}],"wp:featuredmedia":[{"embeddable":true,"href":"https:\/\/www.jokinenkonu.com\/fi\/wp-json\/wp\/v2\/media\/6610"}],"wp:attachment":[{"href":"https:\/\/www.jokinenkonu.com\/fi\/wp-json\/wp\/v2\/media?parent=6609"}],"wp:term":[{"taxonomy":"product_cat","embeddable":true,"href":"https:\/\/www.jokinenkonu.com\/fi\/wp-json\/wp\/v2\/product_cat?post=6609"},{"taxonomy":"product_tag","embeddable":true,"href":"https:\/\/www.jokinenkonu.com\/fi\/wp-json\/wp\/v2\/product_tag?post=6609"}],"curies":[{"name":"wp","href":"https:\/\/api.w.org\/{rel}","templated":true}]}}