{"id":6464,"date":"2024-03-21T15:43:20","date_gmt":"2024-03-21T13:43:20","guid":{"rendered":"https:\/\/www.jokinenkonu.com\/?post_type=product&#038;p=6464"},"modified":"2024-04-23T12:48:39","modified_gmt":"2024-04-23T09:48:39","slug":"teo-table-light-meadow-green","status":"publish","type":"product","link":"https:\/\/www.jokinenkonu.com\/fi\/tuote\/teo-table-light-meadow-green\/","title":{"rendered":"Teo P\u00f6yt\u00e4valaisin | Meadow Green"},"content":{"rendered":"","protected":false},"excerpt":{"rendered":"<h4>Teo P\u00f6yt\u00e4valaisin | Meadow Green<\/h4>\n<h5>by Ehea Living<\/h5>\n<p>&nbsp;<\/p>\n<p>Keraaminen k\u00e4sity\u00f6n\u00e4 Suomessa valmistettu valaisin, josta jokainen on oma uniikki teoksensa. Valaisimesta on saatavilla nelj\u00e4 eri v\u00e4rivaihtoehtoa. Muotoilu: Jokinen Konu Design<\/p>\n<p>P\u00f6yt\u00e4valaisimen voi asettaa tasolle joko pysty- tai vaaka-asentoon. N\u00e4in valaisimesta tulevaa valoa voi heijastaa my\u00f6s erilaisten pintojen kautta.<\/p>\n<p>Valaisin on valmistettu k\u00e4sity\u00f6n\u00e4 Suomessa.<\/p>\n<h5><\/h5>\n<h5>Toimitusaika 2-4 viikkoa tilauksesta<\/h5>\n<p>&nbsp;<\/p>","protected":false},"featured_media":6465,"comment_status":"open","ping_status":"closed","template":"elementor_header_footer","meta":{"content-type":"","spay_email":"","_vp_format_video_url":"","_vp_image_focal_point":[]},"product_cat":[61],"product_tag":[],"class_list":["post-6464","product","type-product","status-publish","has-post-thumbnail","hentry","product_cat-teolights"],"yoast_head":"<!-- This site is optimized with the Yoast SEO plugin v20.10 - https:\/\/yoast.com\/wordpress\/plugins\/seo\/ -->\n<title>Teo Table Light | Meadow Green &mdash;<\/title>\n<meta name=\"description\" content=\"Ceramic Teo Table Light by Ehea Living is a unique work of art. The handcrafted table lamp is available in four different color options. You can place the lamp on a surface in either a vertical or horizontal position. This way the light can be creatively reflected through different surfaces. Handmade in Finland. Design by Jokinen &amp; Konu.\" \/>\n<meta name=\"robots\" content=\"index, follow, max-snippet:-1, max-image-preview:large, max-video-preview:-1\" \/>\n<link rel=\"canonical\" href=\"https:\/\/www.jokinenkonu.com\/fi\/tuote\/teo-table-light-meadow-green\/\" \/>\n<meta property=\"og:locale\" content=\"fi_FI\" \/>\n<meta property=\"og:type\" content=\"article\" \/>\n<meta property=\"og:title\" content=\"Teo Table Light | Meadow Green &mdash;\" \/>\n<meta property=\"og:description\" content=\"Ceramic Teo Table Light by Ehea Living is a unique work of art. The handcrafted table lamp is available in four different color options. You can place the lamp on a surface in either a vertical or horizontal position. This way the light can be creatively reflected through different surfaces. Handmade in Finland. Design by Jokinen &amp; Konu.\" \/>\n<meta property=\"og:url\" content=\"https:\/\/www.jokinenkonu.com\/fi\/tuote\/teo-table-light-meadow-green\/\" \/>\n<meta property=\"article:publisher\" content=\"https:\/\/www.facebook.com\/jokinenkonu\" \/>\n<meta property=\"article:modified_time\" content=\"2024-04-23T09:48:39+00:00\" \/>\n<meta property=\"og:image\" content=\"https:\/\/www.jokinenkonu.com\/wp-content\/uploads\/2024\/03\/EHEA_TEO_pysty_lisakiilto_adbd9eb5-839a-45d4-b052-14030d82db7d.webp\" \/>\n\t<meta property=\"og:image:width\" content=\"600\" \/>\n\t<meta property=\"og:image:height\" content=\"800\" \/>\n\t<meta property=\"og:image:type\" content=\"image\/webp\" \/>\n<meta name=\"twitter:card\" content=\"summary_large_image\" \/>\n<script type=\"application\/ld+json\" class=\"yoast-schema-graph\">{\"@context\":\"https:\/\/schema.org\",\"@graph\":[{\"@type\":\"WebPage\",\"@id\":\"https:\/\/www.jokinenkonu.com\/tuote\/teo-table-light-meadow-green\/\",\"url\":\"https:\/\/www.jokinenkonu.com\/tuote\/teo-table-light-meadow-green\/\",\"name\":\"Teo Table Light | Meadow Green &mdash;\",\"isPartOf\":{\"@id\":\"https:\/\/www.jokinenkonu.com\/#website\"},\"datePublished\":\"2024-03-21T13:43:20+00:00\",\"dateModified\":\"2024-04-23T09:48:39+00:00\",\"description\":\"Ceramic Teo Table Light by Ehea Living is a unique work of art. The handcrafted table lamp is available in four different color options. You can place the lamp on a surface in either a vertical or horizontal position. This way the light can be creatively reflected through different surfaces. Handmade in Finland. Design by Jokinen & Konu.\",\"breadcrumb\":{\"@id\":\"https:\/\/www.jokinenkonu.com\/tuote\/teo-table-light-meadow-green\/#breadcrumb\"},\"inLanguage\":\"fi\",\"potentialAction\":[{\"@type\":\"ReadAction\",\"target\":[\"https:\/\/www.jokinenkonu.com\/tuote\/teo-table-light-meadow-green\/\"]}]},{\"@type\":\"BreadcrumbList\",\"@id\":\"https:\/\/www.jokinenkonu.com\/tuote\/teo-table-light-meadow-green\/#breadcrumb\",\"itemListElement\":[{\"@type\":\"ListItem\",\"position\":1,\"name\":\"Etusivu\",\"item\":\"https:\/\/www.jokinenkonu.com\/\"},{\"@type\":\"ListItem\",\"position\":2,\"name\":\"Teo Table Light | Meadow Green\"}]},{\"@type\":\"WebSite\",\"@id\":\"https:\/\/www.jokinenkonu.com\/#website\",\"url\":\"https:\/\/www.jokinenkonu.com\/\",\"name\":\"Jokinen Konu Design\",\"description\":\"\",\"publisher\":{\"@id\":\"https:\/\/www.jokinenkonu.com\/#organization\"},\"potentialAction\":[{\"@type\":\"SearchAction\",\"target\":{\"@type\":\"EntryPoint\",\"urlTemplate\":\"https:\/\/www.jokinenkonu.com\/?s={search_term_string}\"},\"query-input\":\"required name=search_term_string\"}],\"inLanguage\":\"fi\"},{\"@type\":\"Organization\",\"@id\":\"https:\/\/www.jokinenkonu.com\/#organization\",\"name\":\"Jokinen Konu Design\",\"url\":\"https:\/\/www.jokinenkonu.com\/\",\"logo\":{\"@type\":\"ImageObject\",\"inLanguage\":\"fi\",\"@id\":\"https:\/\/www.jokinenkonu.com\/#\/schema\/logo\/image\/\",\"url\":\"https:\/\/www.jokinenkonu.com\/wp-content\/uploads\/2020\/08\/cropped-Nayttokuva-2020-8-17-kello-12.45.31-1.png\",\"contentUrl\":\"https:\/\/www.jokinenkonu.com\/wp-content\/uploads\/2020\/08\/cropped-Nayttokuva-2020-8-17-kello-12.45.31-1.png\",\"width\":1794,\"height\":1792,\"caption\":\"Jokinen Konu Design\"},\"image\":{\"@id\":\"https:\/\/www.jokinenkonu.com\/#\/schema\/logo\/image\/\"},\"sameAs\":[\"https:\/\/www.facebook.com\/jokinenkonu\",\"https:\/\/www.instagram.com\/jokinenkonu\/\",\"https:\/\/www.linkedin.com\/company\/jokinen-konu-design-oy\/\"]}]}<\/script>\n<!-- \/ Yoast SEO plugin. -->","yoast_head_json":{"title":"Teo Table Light | Meadow Green &mdash;","description":"Ceramic Teo Table Light by Ehea Living is a unique work of art. The handcrafted table lamp is available in four different color options. You can place the lamp on a surface in either a vertical or horizontal position. This way the light can be creatively reflected through different surfaces. Handmade in Finland. Design by Jokinen & Konu.","robots":{"index":"index","follow":"follow","max-snippet":"max-snippet:-1","max-image-preview":"max-image-preview:large","max-video-preview":"max-video-preview:-1"},"canonical":"https:\/\/www.jokinenkonu.com\/fi\/tuote\/teo-table-light-meadow-green\/","og_locale":"fi_FI","og_type":"article","og_title":"Teo Table Light | Meadow Green &mdash;","og_description":"Ceramic Teo Table Light by Ehea Living is a unique work of art. The handcrafted table lamp is available in four different color options. You can place the lamp on a surface in either a vertical or horizontal position. This way the light can be creatively reflected through different surfaces. Handmade in Finland. Design by Jokinen & Konu.","og_url":"https:\/\/www.jokinenkonu.com\/fi\/tuote\/teo-table-light-meadow-green\/","article_publisher":"https:\/\/www.facebook.com\/jokinenkonu","article_modified_time":"2024-04-23T09:48:39+00:00","og_image":[{"width":600,"height":800,"url":"https:\/\/www.jokinenkonu.com\/wp-content\/uploads\/2024\/03\/EHEA_TEO_pysty_lisakiilto_adbd9eb5-839a-45d4-b052-14030d82db7d.webp","type":"image\/webp"}],"twitter_card":"summary_large_image","schema":{"@context":"https:\/\/schema.org","@graph":[{"@type":"WebPage","@id":"https:\/\/www.jokinenkonu.com\/tuote\/teo-table-light-meadow-green\/","url":"https:\/\/www.jokinenkonu.com\/tuote\/teo-table-light-meadow-green\/","name":"Teo Table Light | Meadow Green &mdash;","isPartOf":{"@id":"https:\/\/www.jokinenkonu.com\/#website"},"datePublished":"2024-03-21T13:43:20+00:00","dateModified":"2024-04-23T09:48:39+00:00","description":"Ceramic Teo Table Light by Ehea Living is a unique work of art. The handcrafted table lamp is available in four different color options. You can place the lamp on a surface in either a vertical or horizontal position. This way the light can be creatively reflected through different surfaces. Handmade in Finland. Design by Jokinen & Konu.","breadcrumb":{"@id":"https:\/\/www.jokinenkonu.com\/tuote\/teo-table-light-meadow-green\/#breadcrumb"},"inLanguage":"fi","potentialAction":[{"@type":"ReadAction","target":["https:\/\/www.jokinenkonu.com\/tuote\/teo-table-light-meadow-green\/"]}]},{"@type":"BreadcrumbList","@id":"https:\/\/www.jokinenkonu.com\/tuote\/teo-table-light-meadow-green\/#breadcrumb","itemListElement":[{"@type":"ListItem","position":1,"name":"Etusivu","item":"https:\/\/www.jokinenkonu.com\/"},{"@type":"ListItem","position":2,"name":"Teo Table Light | Meadow Green"}]},{"@type":"WebSite","@id":"https:\/\/www.jokinenkonu.com\/#website","url":"https:\/\/www.jokinenkonu.com\/","name":"Jokinen Konu Design","description":"","publisher":{"@id":"https:\/\/www.jokinenkonu.com\/#organization"},"potentialAction":[{"@type":"SearchAction","target":{"@type":"EntryPoint","urlTemplate":"https:\/\/www.jokinenkonu.com\/?s={search_term_string}"},"query-input":"required name=search_term_string"}],"inLanguage":"fi"},{"@type":"Organization","@id":"https:\/\/www.jokinenkonu.com\/#organization","name":"Jokinen Konu Design","url":"https:\/\/www.jokinenkonu.com\/","logo":{"@type":"ImageObject","inLanguage":"fi","@id":"https:\/\/www.jokinenkonu.com\/#\/schema\/logo\/image\/","url":"https:\/\/www.jokinenkonu.com\/wp-content\/uploads\/2020\/08\/cropped-Nayttokuva-2020-8-17-kello-12.45.31-1.png","contentUrl":"https:\/\/www.jokinenkonu.com\/wp-content\/uploads\/2020\/08\/cropped-Nayttokuva-2020-8-17-kello-12.45.31-1.png","width":1794,"height":1792,"caption":"Jokinen Konu Design"},"image":{"@id":"https:\/\/www.jokinenkonu.com\/#\/schema\/logo\/image\/"},"sameAs":["https:\/\/www.facebook.com\/jokinenkonu","https:\/\/www.instagram.com\/jokinenkonu\/","https:\/\/www.linkedin.com\/company\/jokinen-konu-design-oy\/"]}]}},"_links":{"self":[{"href":"https:\/\/www.jokinenkonu.com\/fi\/wp-json\/wp\/v2\/product\/6464","targetHints":{"allow":["GET"]}}],"collection":[{"href":"https:\/\/www.jokinenkonu.com\/fi\/wp-json\/wp\/v2\/product"}],"about":[{"href":"https:\/\/www.jokinenkonu.com\/fi\/wp-json\/wp\/v2\/types\/product"}],"replies":[{"embeddable":true,"href":"https:\/\/www.jokinenkonu.com\/fi\/wp-json\/wp\/v2\/comments?post=6464"}],"version-history":[{"count":16,"href":"https:\/\/www.jokinenkonu.com\/fi\/wp-json\/wp\/v2\/product\/6464\/revisions"}],"predecessor-version":[{"id":6635,"href":"https:\/\/www.jokinenkonu.com\/fi\/wp-json\/wp\/v2\/product\/6464\/revisions\/6635"}],"wp:featuredmedia":[{"embeddable":true,"href":"https:\/\/www.jokinenkonu.com\/fi\/wp-json\/wp\/v2\/media\/6465"}],"wp:attachment":[{"href":"https:\/\/www.jokinenkonu.com\/fi\/wp-json\/wp\/v2\/media?parent=6464"}],"wp:term":[{"taxonomy":"product_cat","embeddable":true,"href":"https:\/\/www.jokinenkonu.com\/fi\/wp-json\/wp\/v2\/product_cat?post=6464"},{"taxonomy":"product_tag","embeddable":true,"href":"https:\/\/www.jokinenkonu.com\/fi\/wp-json\/wp\/v2\/product_tag?post=6464"}],"curies":[{"name":"wp","href":"https:\/\/api.w.org\/{rel}","templated":true}]}}