{"id":6425,"date":"2024-03-21T12:50:42","date_gmt":"2024-03-21T10:50:42","guid":{"rendered":"https:\/\/www.jokinenkonu.com\/?post_type=product&#038;p=6425"},"modified":"2024-04-04T12:40:54","modified_gmt":"2024-04-04T09:40:54","slug":"teo-pendant-light-brick-pipe-red","status":"publish","type":"product","link":"https:\/\/www.jokinenkonu.com\/fi\/tuote\/teo-pendant-light-brick-pipe-red\/","title":{"rendered":"Teo Riippuvalaisin | Brick Pipe Red"},"content":{"rendered":"","protected":false},"excerpt":{"rendered":"<h4>Teo Riippuvalaisin | Brick Pipe Red<\/h4>\n<h5>by Ehea Living<\/h5>\n<p><\/p>\n<p>Keraaminen k\u00e4sity\u00f6n\u00e4 Suomessa valmistettu valaisin, josta jokainen on oma uniikki teoksensa. Valaisimesta on saatavilla nelj\u00e4 eri v\u00e4rivaihtoehtoa. Muotoilu: Jokinen Konu Design<\/p>\n<p>Riippuvalaisimen valo kohdistuu kauniisti alasp\u00e4in. Valaisin sopii esimerkiksi ruokap\u00f6yd\u00e4n tai saarekkeen p\u00e4\u00e4lle. Valaisinta voi k\u00e4ytt\u00e4\u00e4 yksin, pareittain tai useamman valaisimen ryhm\u00e4ss\u00e4.<\/p>\n<p>Valaisin on valmistettu k\u00e4sity\u00f6n\u00e4 Suomessa.<\/p>\n<h5><\/h5>\n<h5>Toimitusaika 2-4 viikkoa tilauksesta<\/h5>\n<p><\/p>","protected":false},"featured_media":6426,"comment_status":"open","ping_status":"closed","template":"elementor_header_footer","meta":{"content-type":"","spay_email":"","_vp_format_video_url":"","_vp_image_focal_point":[]},"product_cat":[61],"product_tag":[],"class_list":["post-6425","product","type-product","status-publish","has-post-thumbnail","hentry","product_cat-teolights"],"yoast_head":"<!-- This site is optimized with the Yoast SEO plugin v20.10 - https:\/\/yoast.com\/wordpress\/plugins\/seo\/ -->\n<title>Teo Pendant Light | Brick Pipe Red &mdash;<\/title>\n<meta name=\"description\" content=\"Ceramic Teo Pendant Light by Ehea Living is a unique work of art. The handcrafted pendant is available in four different color options.The light of the pendant points beautifully downwards. It fits perfectly on top of a dining table or an island. You can use it alone, but it also works well together in pairs or groups. Handmade in Finland. Design by Jokinen &amp; Konu.\" \/>\n<meta name=\"robots\" content=\"index, follow, max-snippet:-1, max-image-preview:large, max-video-preview:-1\" \/>\n<link rel=\"canonical\" href=\"https:\/\/www.jokinenkonu.com\/fi\/tuote\/teo-pendant-light-brick-pipe-red\/\" \/>\n<meta property=\"og:locale\" content=\"fi_FI\" \/>\n<meta property=\"og:type\" content=\"article\" \/>\n<meta property=\"og:title\" content=\"Teo Pendant Light | Brick Pipe Red &mdash;\" \/>\n<meta property=\"og:description\" content=\"Ceramic Teo Pendant Light by Ehea Living is a unique work of art. The handcrafted pendant is available in four different color options.The light of the pendant points beautifully downwards. It fits perfectly on top of a dining table or an island. You can use it alone, but it also works well together in pairs or groups. Handmade in Finland. Design by Jokinen &amp; Konu.\" \/>\n<meta property=\"og:url\" content=\"https:\/\/www.jokinenkonu.com\/fi\/tuote\/teo-pendant-light-brick-pipe-red\/\" \/>\n<meta property=\"article:publisher\" content=\"https:\/\/www.facebook.com\/jokinenkonu\" \/>\n<meta property=\"article:modified_time\" content=\"2024-04-04T09:40:54+00:00\" \/>\n<meta property=\"og:image\" content=\"https:\/\/www.jokinenkonu.com\/wp-content\/uploads\/2024\/03\/Ehea-Living_Teo-pendant__brick-pipe-red_2a11cc58-0f44-4b2e-a522-781509fff86a.webp\" \/>\n\t<meta property=\"og:image:width\" content=\"823\" \/>\n\t<meta property=\"og:image:height\" content=\"1052\" \/>\n\t<meta property=\"og:image:type\" content=\"image\/webp\" \/>\n<meta name=\"twitter:card\" content=\"summary_large_image\" \/>\n<script type=\"application\/ld+json\" class=\"yoast-schema-graph\">{\"@context\":\"https:\/\/schema.org\",\"@graph\":[{\"@type\":\"WebPage\",\"@id\":\"https:\/\/www.jokinenkonu.com\/tuote\/teo-pendant-light-brick-pipe-red\/\",\"url\":\"https:\/\/www.jokinenkonu.com\/tuote\/teo-pendant-light-brick-pipe-red\/\",\"name\":\"Teo Pendant Light | Brick Pipe Red &mdash;\",\"isPartOf\":{\"@id\":\"https:\/\/www.jokinenkonu.com\/#website\"},\"datePublished\":\"2024-03-21T10:50:42+00:00\",\"dateModified\":\"2024-04-04T09:40:54+00:00\",\"description\":\"Ceramic Teo Pendant Light by Ehea Living is a unique work of art. The handcrafted pendant is available in four different color options.The light of the pendant points beautifully downwards. It fits perfectly on top of a dining table or an island. You can use it alone, but it also works well together in pairs or groups. Handmade in Finland. Design by Jokinen & Konu.\",\"breadcrumb\":{\"@id\":\"https:\/\/www.jokinenkonu.com\/tuote\/teo-pendant-light-brick-pipe-red\/#breadcrumb\"},\"inLanguage\":\"fi\",\"potentialAction\":[{\"@type\":\"ReadAction\",\"target\":[\"https:\/\/www.jokinenkonu.com\/tuote\/teo-pendant-light-brick-pipe-red\/\"]}]},{\"@type\":\"BreadcrumbList\",\"@id\":\"https:\/\/www.jokinenkonu.com\/tuote\/teo-pendant-light-brick-pipe-red\/#breadcrumb\",\"itemListElement\":[{\"@type\":\"ListItem\",\"position\":1,\"name\":\"Etusivu\",\"item\":\"https:\/\/www.jokinenkonu.com\/\"},{\"@type\":\"ListItem\",\"position\":2,\"name\":\"Teo Pendant Light | Brick Pipe Red\"}]},{\"@type\":\"WebSite\",\"@id\":\"https:\/\/www.jokinenkonu.com\/#website\",\"url\":\"https:\/\/www.jokinenkonu.com\/\",\"name\":\"Jokinen Konu Design\",\"description\":\"\",\"publisher\":{\"@id\":\"https:\/\/www.jokinenkonu.com\/#organization\"},\"potentialAction\":[{\"@type\":\"SearchAction\",\"target\":{\"@type\":\"EntryPoint\",\"urlTemplate\":\"https:\/\/www.jokinenkonu.com\/?s={search_term_string}\"},\"query-input\":\"required name=search_term_string\"}],\"inLanguage\":\"fi\"},{\"@type\":\"Organization\",\"@id\":\"https:\/\/www.jokinenkonu.com\/#organization\",\"name\":\"Jokinen Konu Design\",\"url\":\"https:\/\/www.jokinenkonu.com\/\",\"logo\":{\"@type\":\"ImageObject\",\"inLanguage\":\"fi\",\"@id\":\"https:\/\/www.jokinenkonu.com\/#\/schema\/logo\/image\/\",\"url\":\"https:\/\/www.jokinenkonu.com\/wp-content\/uploads\/2020\/08\/cropped-Nayttokuva-2020-8-17-kello-12.45.31-1.png\",\"contentUrl\":\"https:\/\/www.jokinenkonu.com\/wp-content\/uploads\/2020\/08\/cropped-Nayttokuva-2020-8-17-kello-12.45.31-1.png\",\"width\":1794,\"height\":1792,\"caption\":\"Jokinen Konu Design\"},\"image\":{\"@id\":\"https:\/\/www.jokinenkonu.com\/#\/schema\/logo\/image\/\"},\"sameAs\":[\"https:\/\/www.facebook.com\/jokinenkonu\",\"https:\/\/www.instagram.com\/jokinenkonu\/\",\"https:\/\/www.linkedin.com\/company\/jokinen-konu-design-oy\/\"]}]}<\/script>\n<!-- \/ Yoast SEO plugin. -->","yoast_head_json":{"title":"Teo Pendant Light | Brick Pipe Red &mdash;","description":"Ceramic Teo Pendant Light by Ehea Living is a unique work of art. The handcrafted pendant is available in four different color options.The light of the pendant points beautifully downwards. It fits perfectly on top of a dining table or an island. You can use it alone, but it also works well together in pairs or groups. Handmade in Finland. Design by Jokinen & Konu.","robots":{"index":"index","follow":"follow","max-snippet":"max-snippet:-1","max-image-preview":"max-image-preview:large","max-video-preview":"max-video-preview:-1"},"canonical":"https:\/\/www.jokinenkonu.com\/fi\/tuote\/teo-pendant-light-brick-pipe-red\/","og_locale":"fi_FI","og_type":"article","og_title":"Teo Pendant Light | Brick Pipe Red &mdash;","og_description":"Ceramic Teo Pendant Light by Ehea Living is a unique work of art. The handcrafted pendant is available in four different color options.The light of the pendant points beautifully downwards. It fits perfectly on top of a dining table or an island. You can use it alone, but it also works well together in pairs or groups. Handmade in Finland. Design by Jokinen & Konu.","og_url":"https:\/\/www.jokinenkonu.com\/fi\/tuote\/teo-pendant-light-brick-pipe-red\/","article_publisher":"https:\/\/www.facebook.com\/jokinenkonu","article_modified_time":"2024-04-04T09:40:54+00:00","og_image":[{"width":823,"height":1052,"url":"https:\/\/www.jokinenkonu.com\/wp-content\/uploads\/2024\/03\/Ehea-Living_Teo-pendant__brick-pipe-red_2a11cc58-0f44-4b2e-a522-781509fff86a.webp","type":"image\/webp"}],"twitter_card":"summary_large_image","schema":{"@context":"https:\/\/schema.org","@graph":[{"@type":"WebPage","@id":"https:\/\/www.jokinenkonu.com\/tuote\/teo-pendant-light-brick-pipe-red\/","url":"https:\/\/www.jokinenkonu.com\/tuote\/teo-pendant-light-brick-pipe-red\/","name":"Teo Pendant Light | Brick Pipe Red &mdash;","isPartOf":{"@id":"https:\/\/www.jokinenkonu.com\/#website"},"datePublished":"2024-03-21T10:50:42+00:00","dateModified":"2024-04-04T09:40:54+00:00","description":"Ceramic Teo Pendant Light by Ehea Living is a unique work of art. The handcrafted pendant is available in four different color options.The light of the pendant points beautifully downwards. It fits perfectly on top of a dining table or an island. You can use it alone, but it also works well together in pairs or groups. Handmade in Finland. Design by Jokinen & Konu.","breadcrumb":{"@id":"https:\/\/www.jokinenkonu.com\/tuote\/teo-pendant-light-brick-pipe-red\/#breadcrumb"},"inLanguage":"fi","potentialAction":[{"@type":"ReadAction","target":["https:\/\/www.jokinenkonu.com\/tuote\/teo-pendant-light-brick-pipe-red\/"]}]},{"@type":"BreadcrumbList","@id":"https:\/\/www.jokinenkonu.com\/tuote\/teo-pendant-light-brick-pipe-red\/#breadcrumb","itemListElement":[{"@type":"ListItem","position":1,"name":"Etusivu","item":"https:\/\/www.jokinenkonu.com\/"},{"@type":"ListItem","position":2,"name":"Teo Pendant Light | Brick Pipe Red"}]},{"@type":"WebSite","@id":"https:\/\/www.jokinenkonu.com\/#website","url":"https:\/\/www.jokinenkonu.com\/","name":"Jokinen Konu Design","description":"","publisher":{"@id":"https:\/\/www.jokinenkonu.com\/#organization"},"potentialAction":[{"@type":"SearchAction","target":{"@type":"EntryPoint","urlTemplate":"https:\/\/www.jokinenkonu.com\/?s={search_term_string}"},"query-input":"required name=search_term_string"}],"inLanguage":"fi"},{"@type":"Organization","@id":"https:\/\/www.jokinenkonu.com\/#organization","name":"Jokinen Konu Design","url":"https:\/\/www.jokinenkonu.com\/","logo":{"@type":"ImageObject","inLanguage":"fi","@id":"https:\/\/www.jokinenkonu.com\/#\/schema\/logo\/image\/","url":"https:\/\/www.jokinenkonu.com\/wp-content\/uploads\/2020\/08\/cropped-Nayttokuva-2020-8-17-kello-12.45.31-1.png","contentUrl":"https:\/\/www.jokinenkonu.com\/wp-content\/uploads\/2020\/08\/cropped-Nayttokuva-2020-8-17-kello-12.45.31-1.png","width":1794,"height":1792,"caption":"Jokinen Konu Design"},"image":{"@id":"https:\/\/www.jokinenkonu.com\/#\/schema\/logo\/image\/"},"sameAs":["https:\/\/www.facebook.com\/jokinenkonu","https:\/\/www.instagram.com\/jokinenkonu\/","https:\/\/www.linkedin.com\/company\/jokinen-konu-design-oy\/"]}]}},"_links":{"self":[{"href":"https:\/\/www.jokinenkonu.com\/fi\/wp-json\/wp\/v2\/product\/6425","targetHints":{"allow":["GET"]}}],"collection":[{"href":"https:\/\/www.jokinenkonu.com\/fi\/wp-json\/wp\/v2\/product"}],"about":[{"href":"https:\/\/www.jokinenkonu.com\/fi\/wp-json\/wp\/v2\/types\/product"}],"replies":[{"embeddable":true,"href":"https:\/\/www.jokinenkonu.com\/fi\/wp-json\/wp\/v2\/comments?post=6425"}],"version-history":[{"count":5,"href":"https:\/\/www.jokinenkonu.com\/fi\/wp-json\/wp\/v2\/product\/6425\/revisions"}],"predecessor-version":[{"id":6475,"href":"https:\/\/www.jokinenkonu.com\/fi\/wp-json\/wp\/v2\/product\/6425\/revisions\/6475"}],"wp:featuredmedia":[{"embeddable":true,"href":"https:\/\/www.jokinenkonu.com\/fi\/wp-json\/wp\/v2\/media\/6426"}],"wp:attachment":[{"href":"https:\/\/www.jokinenkonu.com\/fi\/wp-json\/wp\/v2\/media?parent=6425"}],"wp:term":[{"taxonomy":"product_cat","embeddable":true,"href":"https:\/\/www.jokinenkonu.com\/fi\/wp-json\/wp\/v2\/product_cat?post=6425"},{"taxonomy":"product_tag","embeddable":true,"href":"https:\/\/www.jokinenkonu.com\/fi\/wp-json\/wp\/v2\/product_tag?post=6425"}],"curies":[{"name":"wp","href":"https:\/\/api.w.org\/{rel}","templated":true}]}}