{"id":5414,"date":"2023-12-04T15:53:09","date_gmt":"2023-12-04T13:53:09","guid":{"rendered":"https:\/\/www.jokinenkonu.com\/?post_type=product&#038;p=5414"},"modified":"2023-12-05T10:54:31","modified_gmt":"2023-12-05T08:54:31","slug":"innolux-multi-table-lamp","status":"publish","type":"product","link":"https:\/\/www.jokinenkonu.com\/fi\/tuote\/innolux-multi-table-lamp\/","title":{"rendered":"Innolux Multi P\u00f6yt\u00e4valaisin"},"content":{"rendered":"<div data-elementor-type=\"wp-post\" data-elementor-id=\"5414\" class=\"elementor elementor-5414\">\n\t\t\t\t\t\t<div class=\"elementor-inner\">\n\t\t\t\t<div class=\"elementor-section-wrap\">\n\t\t\t\t\t\t\t\t\t<section class=\"elementor-section elementor-top-section elementor-element elementor-element-31f4c69b elementor-section-boxed elementor-section-height-default elementor-section-height-default\" data-id=\"31f4c69b\" data-element_type=\"section\">\n\t\t\t\t\t\t<div class=\"elementor-container elementor-column-gap-default\">\n\t\t\t\t\t\t\t<div class=\"elementor-row\">\n\t\t\t\t\t<div class=\"elementor-column elementor-col-100 elementor-top-column elementor-element elementor-element-56c6dc17\" data-id=\"56c6dc17\" data-element_type=\"column\">\n\t\t\t<div class=\"elementor-column-wrap elementor-element-populated\">\n\t\t\t\t\t\t\t<div class=\"elementor-widget-wrap\">\n\t\t\t\t\t\t<div class=\"elementor-element elementor-element-60999bde elementor-widget elementor-widget-text-editor\" data-id=\"60999bde\" data-element_type=\"widget\" data-widget_type=\"text-editor.default\">\n\t\t\t\t<div class=\"elementor-widget-container\">\n\t\t\t\t\t\t\t\t<div class=\"elementor-text-editor elementor-clearfix\">\n\t\t\t\t<p>Mitat: s. 230, l. 200, k. 480 mm. Kuvun halkaisija 145 mm, jalustan halkaisija 200 mm<\/p><p>Materiaali: lasi &amp; metalli<\/p><p>V\u00e4ri: valkoinen &amp; messinki<\/p><p>Paino: 1,3 kg<\/p><p>Johto: 2 m, tekstiili valkoinen<\/p><p>Teho: E27 1 x max 35 W<\/p><p>Valonl\u00e4hde: E27<\/p><p>Kytkimen tiedot: keinukytkin<\/p><p>Himmennett\u00e4viss\u00e4: vain \u00e4lylampulla<\/p><p>Sis\u00e4lt\u00e4\u00e4 valonl\u00e4hteen: ei<\/p>\t\t\t\t\t<\/div>\n\t\t\t\t\t\t<\/div>\n\t\t\t\t<\/div>\n\t\t\t\t\t\t<\/div>\n\t\t\t\t\t<\/div>\n\t\t<\/div>\n\t\t\t\t\t\t\t\t<\/div>\n\t\t\t\t\t<\/div>\n\t\t<\/section>\n\t\t\t\t\t\t\t\t\t<\/div>\n\t\t\t<\/div>\n\t\t\t\t\t<\/div>","protected":false},"excerpt":{"rendered":"<h4>Innolux Multi P\u00f6yt\u00e4valaisin<\/h4>\n<p>&nbsp;<\/p>\n<p>Jukka Jokisen ja Heikki Konun suunnittelemien Multi sein\u00e4-, p\u00f6yt\u00e4- ja jalkavalaisimien n\u00e4ytt\u00e4v\u00e4n linjakas olemus syntyy suupuhalletun opaalilasin ja harjatun messingin solmiessa jalon liiton. Nivelletty varsiosa nostaa kiekkomaisen kerroksellisen lasikuvun tuoreeseen kulmaan muodostaen tasapainoisen kokonaisuuden. Valaisimen arvokkuutta hehkuva henki kohottaa koko tilan tunnelman tavoitellulle tasolle.<\/p>\n<h4><\/h4>\n<h4>Ilmainen toimitus Suomessa<\/h4>\n<p>&nbsp;<\/p>","protected":false},"featured_media":5398,"comment_status":"open","ping_status":"closed","template":"elementor_header_footer","meta":{"content-type":"","spay_email":"","_vp_format_video_url":"","_vp_image_focal_point":[]},"product_cat":[24],"product_tag":[],"class_list":["post-5414","product","type-product","status-publish","has-post-thumbnail","hentry","product_cat-innoluxlights"],"yoast_head":"<!-- This site is optimized with the Yoast SEO plugin v20.10 - https:\/\/yoast.com\/wordpress\/plugins\/seo\/ -->\n<title>Innolux Multi Table Lamp &mdash;<\/title>\n<meta name=\"description\" content=\"The stylish design of white Multi wall, table and floor lamps by Jukka Jokinen and Heikki Konu result from a union of mouth-blown opal glass and brushed brass. The joint shaft of the lamp raises the layered glass shade into a fresh angle, creating a balanced feel. The dignified spirit of the luminaire raises the spirit in the entire room.\" \/>\n<meta name=\"robots\" content=\"index, follow, max-snippet:-1, max-image-preview:large, max-video-preview:-1\" \/>\n<link rel=\"canonical\" href=\"https:\/\/www.jokinenkonu.com\/fi\/tuote\/innolux-multi-table-lamp\/\" \/>\n<meta property=\"og:locale\" content=\"fi_FI\" \/>\n<meta property=\"og:type\" content=\"article\" \/>\n<meta property=\"og:title\" content=\"Innolux Multi Table Lamp &mdash;\" \/>\n<meta property=\"og:description\" content=\"The stylish design of white Multi wall, table and floor lamps by Jukka Jokinen and Heikki Konu result from a union of mouth-blown opal glass and brushed brass. The joint shaft of the lamp raises the layered glass shade into a fresh angle, creating a balanced feel. The dignified spirit of the luminaire raises the spirit in the entire room.\" \/>\n<meta property=\"og:url\" content=\"https:\/\/www.jokinenkonu.com\/fi\/tuote\/innolux-multi-table-lamp\/\" \/>\n<meta property=\"article:publisher\" content=\"https:\/\/www.facebook.com\/jokinenkonu\" \/>\n<meta property=\"article:modified_time\" content=\"2023-12-05T08:54:31+00:00\" \/>\n<meta property=\"og:image\" content=\"https:\/\/www.jokinenkonu.com\/wp-content\/uploads\/2023\/12\/Multi_ptalaisin.png\" \/>\n\t<meta property=\"og:image:width\" content=\"1179\" \/>\n\t<meta property=\"og:image:height\" content=\"1179\" \/>\n\t<meta property=\"og:image:type\" content=\"image\/png\" \/>\n<meta name=\"twitter:card\" content=\"summary_large_image\" \/>\n<script type=\"application\/ld+json\" class=\"yoast-schema-graph\">{\"@context\":\"https:\/\/schema.org\",\"@graph\":[{\"@type\":\"WebPage\",\"@id\":\"https:\/\/www.jokinenkonu.com\/tuote\/innolux-multi-table-lamp\/\",\"url\":\"https:\/\/www.jokinenkonu.com\/tuote\/innolux-multi-table-lamp\/\",\"name\":\"Innolux Multi Table Lamp &mdash;\",\"isPartOf\":{\"@id\":\"https:\/\/www.jokinenkonu.com\/#website\"},\"datePublished\":\"2023-12-04T13:53:09+00:00\",\"dateModified\":\"2023-12-05T08:54:31+00:00\",\"description\":\"The stylish design of white Multi wall, table and floor lamps by Jukka Jokinen and Heikki Konu result from a union of mouth-blown opal glass and brushed brass. The joint shaft of the lamp raises the layered glass shade into a fresh angle, creating a balanced feel. The dignified spirit of the luminaire raises the spirit in the entire room.\",\"breadcrumb\":{\"@id\":\"https:\/\/www.jokinenkonu.com\/tuote\/innolux-multi-table-lamp\/#breadcrumb\"},\"inLanguage\":\"fi\",\"potentialAction\":[{\"@type\":\"ReadAction\",\"target\":[\"https:\/\/www.jokinenkonu.com\/tuote\/innolux-multi-table-lamp\/\"]}]},{\"@type\":\"BreadcrumbList\",\"@id\":\"https:\/\/www.jokinenkonu.com\/tuote\/innolux-multi-table-lamp\/#breadcrumb\",\"itemListElement\":[{\"@type\":\"ListItem\",\"position\":1,\"name\":\"Etusivu\",\"item\":\"https:\/\/www.jokinenkonu.com\/\"},{\"@type\":\"ListItem\",\"position\":2,\"name\":\"Innolux Multi Table Lamp\"}]},{\"@type\":\"WebSite\",\"@id\":\"https:\/\/www.jokinenkonu.com\/#website\",\"url\":\"https:\/\/www.jokinenkonu.com\/\",\"name\":\"Jokinen Konu Design\",\"description\":\"\",\"publisher\":{\"@id\":\"https:\/\/www.jokinenkonu.com\/#organization\"},\"potentialAction\":[{\"@type\":\"SearchAction\",\"target\":{\"@type\":\"EntryPoint\",\"urlTemplate\":\"https:\/\/www.jokinenkonu.com\/?s={search_term_string}\"},\"query-input\":\"required name=search_term_string\"}],\"inLanguage\":\"fi\"},{\"@type\":\"Organization\",\"@id\":\"https:\/\/www.jokinenkonu.com\/#organization\",\"name\":\"Jokinen Konu Design\",\"url\":\"https:\/\/www.jokinenkonu.com\/\",\"logo\":{\"@type\":\"ImageObject\",\"inLanguage\":\"fi\",\"@id\":\"https:\/\/www.jokinenkonu.com\/#\/schema\/logo\/image\/\",\"url\":\"https:\/\/www.jokinenkonu.com\/wp-content\/uploads\/2020\/08\/cropped-Nayttokuva-2020-8-17-kello-12.45.31-1.png\",\"contentUrl\":\"https:\/\/www.jokinenkonu.com\/wp-content\/uploads\/2020\/08\/cropped-Nayttokuva-2020-8-17-kello-12.45.31-1.png\",\"width\":1794,\"height\":1792,\"caption\":\"Jokinen Konu Design\"},\"image\":{\"@id\":\"https:\/\/www.jokinenkonu.com\/#\/schema\/logo\/image\/\"},\"sameAs\":[\"https:\/\/www.facebook.com\/jokinenkonu\",\"https:\/\/www.instagram.com\/jokinenkonu\/\",\"https:\/\/www.linkedin.com\/company\/jokinen-konu-design-oy\/\"]}]}<\/script>\n<!-- \/ Yoast SEO plugin. -->","yoast_head_json":{"title":"Innolux Multi Table Lamp &mdash;","description":"The stylish design of white Multi wall, table and floor lamps by Jukka Jokinen and Heikki Konu result from a union of mouth-blown opal glass and brushed brass. The joint shaft of the lamp raises the layered glass shade into a fresh angle, creating a balanced feel. The dignified spirit of the luminaire raises the spirit in the entire room.","robots":{"index":"index","follow":"follow","max-snippet":"max-snippet:-1","max-image-preview":"max-image-preview:large","max-video-preview":"max-video-preview:-1"},"canonical":"https:\/\/www.jokinenkonu.com\/fi\/tuote\/innolux-multi-table-lamp\/","og_locale":"fi_FI","og_type":"article","og_title":"Innolux Multi Table Lamp &mdash;","og_description":"The stylish design of white Multi wall, table and floor lamps by Jukka Jokinen and Heikki Konu result from a union of mouth-blown opal glass and brushed brass. The joint shaft of the lamp raises the layered glass shade into a fresh angle, creating a balanced feel. The dignified spirit of the luminaire raises the spirit in the entire room.","og_url":"https:\/\/www.jokinenkonu.com\/fi\/tuote\/innolux-multi-table-lamp\/","article_publisher":"https:\/\/www.facebook.com\/jokinenkonu","article_modified_time":"2023-12-05T08:54:31+00:00","og_image":[{"width":1179,"height":1179,"url":"https:\/\/www.jokinenkonu.com\/wp-content\/uploads\/2023\/12\/Multi_ptalaisin.png","type":"image\/png"}],"twitter_card":"summary_large_image","schema":{"@context":"https:\/\/schema.org","@graph":[{"@type":"WebPage","@id":"https:\/\/www.jokinenkonu.com\/tuote\/innolux-multi-table-lamp\/","url":"https:\/\/www.jokinenkonu.com\/tuote\/innolux-multi-table-lamp\/","name":"Innolux Multi Table Lamp &mdash;","isPartOf":{"@id":"https:\/\/www.jokinenkonu.com\/#website"},"datePublished":"2023-12-04T13:53:09+00:00","dateModified":"2023-12-05T08:54:31+00:00","description":"The stylish design of white Multi wall, table and floor lamps by Jukka Jokinen and Heikki Konu result from a union of mouth-blown opal glass and brushed brass. The joint shaft of the lamp raises the layered glass shade into a fresh angle, creating a balanced feel. The dignified spirit of the luminaire raises the spirit in the entire room.","breadcrumb":{"@id":"https:\/\/www.jokinenkonu.com\/tuote\/innolux-multi-table-lamp\/#breadcrumb"},"inLanguage":"fi","potentialAction":[{"@type":"ReadAction","target":["https:\/\/www.jokinenkonu.com\/tuote\/innolux-multi-table-lamp\/"]}]},{"@type":"BreadcrumbList","@id":"https:\/\/www.jokinenkonu.com\/tuote\/innolux-multi-table-lamp\/#breadcrumb","itemListElement":[{"@type":"ListItem","position":1,"name":"Etusivu","item":"https:\/\/www.jokinenkonu.com\/"},{"@type":"ListItem","position":2,"name":"Innolux Multi Table Lamp"}]},{"@type":"WebSite","@id":"https:\/\/www.jokinenkonu.com\/#website","url":"https:\/\/www.jokinenkonu.com\/","name":"Jokinen Konu Design","description":"","publisher":{"@id":"https:\/\/www.jokinenkonu.com\/#organization"},"potentialAction":[{"@type":"SearchAction","target":{"@type":"EntryPoint","urlTemplate":"https:\/\/www.jokinenkonu.com\/?s={search_term_string}"},"query-input":"required name=search_term_string"}],"inLanguage":"fi"},{"@type":"Organization","@id":"https:\/\/www.jokinenkonu.com\/#organization","name":"Jokinen Konu Design","url":"https:\/\/www.jokinenkonu.com\/","logo":{"@type":"ImageObject","inLanguage":"fi","@id":"https:\/\/www.jokinenkonu.com\/#\/schema\/logo\/image\/","url":"https:\/\/www.jokinenkonu.com\/wp-content\/uploads\/2020\/08\/cropped-Nayttokuva-2020-8-17-kello-12.45.31-1.png","contentUrl":"https:\/\/www.jokinenkonu.com\/wp-content\/uploads\/2020\/08\/cropped-Nayttokuva-2020-8-17-kello-12.45.31-1.png","width":1794,"height":1792,"caption":"Jokinen Konu Design"},"image":{"@id":"https:\/\/www.jokinenkonu.com\/#\/schema\/logo\/image\/"},"sameAs":["https:\/\/www.facebook.com\/jokinenkonu","https:\/\/www.instagram.com\/jokinenkonu\/","https:\/\/www.linkedin.com\/company\/jokinen-konu-design-oy\/"]}]}},"_links":{"self":[{"href":"https:\/\/www.jokinenkonu.com\/fi\/wp-json\/wp\/v2\/product\/5414","targetHints":{"allow":["GET"]}}],"collection":[{"href":"https:\/\/www.jokinenkonu.com\/fi\/wp-json\/wp\/v2\/product"}],"about":[{"href":"https:\/\/www.jokinenkonu.com\/fi\/wp-json\/wp\/v2\/types\/product"}],"replies":[{"embeddable":true,"href":"https:\/\/www.jokinenkonu.com\/fi\/wp-json\/wp\/v2\/comments?post=5414"}],"version-history":[{"count":17,"href":"https:\/\/www.jokinenkonu.com\/fi\/wp-json\/wp\/v2\/product\/5414\/revisions"}],"predecessor-version":[{"id":5456,"href":"https:\/\/www.jokinenkonu.com\/fi\/wp-json\/wp\/v2\/product\/5414\/revisions\/5456"}],"wp:featuredmedia":[{"embeddable":true,"href":"https:\/\/www.jokinenkonu.com\/fi\/wp-json\/wp\/v2\/media\/5398"}],"wp:attachment":[{"href":"https:\/\/www.jokinenkonu.com\/fi\/wp-json\/wp\/v2\/media?parent=5414"}],"wp:term":[{"taxonomy":"product_cat","embeddable":true,"href":"https:\/\/www.jokinenkonu.com\/fi\/wp-json\/wp\/v2\/product_cat?post=5414"},{"taxonomy":"product_tag","embeddable":true,"href":"https:\/\/www.jokinenkonu.com\/fi\/wp-json\/wp\/v2\/product_tag?post=5414"}],"curies":[{"name":"wp","href":"https:\/\/api.w.org\/{rel}","templated":true}]}}