{"id":4825,"date":"2023-05-18T15:24:50","date_gmt":"2023-05-18T12:24:50","guid":{"rendered":"https:\/\/www.jokinenkonu.com\/?post_type=product&#038;p=4825"},"modified":"2025-04-16T10:59:48","modified_gmt":"2025-04-16T07:59:48","slug":"multi-vase-l-deep-blue","status":"publish","type":"product","link":"https:\/\/www.jokinenkonu.com\/fi\/tuote\/multi-vase-l-deep-blue\/","title":{"rendered":"Multi Maljakko L Syv\u00e4nsininen"},"content":{"rendered":"<div data-elementor-type=\"wp-post\" data-elementor-id=\"4825\" class=\"elementor elementor-4825\">\n\t\t\t\t\t\t<div class=\"elementor-inner\">\n\t\t\t\t<div class=\"elementor-section-wrap\">\n\t\t\t\t\t\t\t\t\t<section class=\"elementor-section elementor-top-section elementor-element elementor-element-7fc32c94 elementor-section-boxed elementor-section-height-default elementor-section-height-default\" data-id=\"7fc32c94\" data-element_type=\"section\">\n\t\t\t\t\t\t<div class=\"elementor-container elementor-column-gap-default\">\n\t\t\t\t\t\t\t<div class=\"elementor-row\">\n\t\t\t\t\t<div class=\"elementor-column elementor-col-100 elementor-top-column elementor-element elementor-element-1a6b4788\" data-id=\"1a6b4788\" data-element_type=\"column\">\n\t\t\t<div class=\"elementor-column-wrap elementor-element-populated\">\n\t\t\t\t\t\t\t<div class=\"elementor-widget-wrap\">\n\t\t\t\t\t\t<div class=\"elementor-element elementor-element-42564768 elementor-widget elementor-widget-text-editor\" data-id=\"42564768\" data-element_type=\"widget\" data-widget_type=\"text-editor.default\">\n\t\t\t\t<div class=\"elementor-widget-container\">\n\t\t\t\t\t\t\t\t<div class=\"elementor-text-editor elementor-clearfix\">\n\t\t\t\t<h5><span style=\"font-weight: 400;\">V\u00e4ri: Syv\u00e4nsininen<\/span><\/h5><h5><span style=\"font-weight: 400;\">Materiaali: Lasi<\/span><\/h5><h5><span style=\"font-weight: 400;\">Koko: \u2300 15 cm, h= 18 cm<\/span><\/h5>\t\t\t\t\t<\/div>\n\t\t\t\t\t\t<\/div>\n\t\t\t\t<\/div>\n\t\t\t\t\t\t<\/div>\n\t\t\t\t\t<\/div>\n\t\t<\/div>\n\t\t\t\t\t\t\t\t<\/div>\n\t\t\t\t\t<\/div>\n\t\t<\/section>\n\t\t\t\t\t\t\t\t\t<\/div>\n\t\t\t<\/div>\n\t\t\t\t\t<\/div>","protected":false},"excerpt":{"rendered":"<h4>Multi Maljakko<\/h4>\n<h4>Syv\u00e4nsininen<\/h4>\n<h4>Iso koko<\/h4>\n<p>&nbsp;<\/p>\n<h5><span style=\"font-weight: 400;\">Multi-maljakot tuovat sisustukseen modernia ilmett\u00e4 ja edustavat uutta pohjoismaista muotoilua parhaimmillaan. Maljakon muoto mahdollistaa kukkien j\u00e4rjestelyn maljakkoon kauniisti. Pohjaosassa on runsaasti tilaa vedelle ja kapea kaula est\u00e4\u00e4 vett\u00e4 haihtumasta astiasta liian nopeasti. Multi-maljakon kaunis ja veistoksellinen muoto syntyy, kun lasi suupuhalletaan uuden tyyppiseen modulaariseen puumuottiin. Muotin ovat kehitt\u00e4neet muotoilijat Jukka Jokinen ja Heikki Konu. Suupuhalletut Multi-lasiesineet ovat kansainv\u00e4lisesti palkittuja muotoilutuotteita. Multi-maljakoita on saatavana kolmessa eri koossa.<\/span><\/h5>\n<p>&nbsp;<\/p>\n<h4>Ilmainen toimitus Suomessa<\/h4>\n<p>&nbsp;<\/p>","protected":false},"featured_media":4862,"comment_status":"open","ping_status":"closed","template":"elementor_header_footer","meta":{"content-type":"","spay_email":"","_vp_format_video_url":"","_vp_image_focal_point":[]},"product_cat":[25],"product_tag":[77,32,51,29,27,47],"class_list":["post-4825","product","type-product","status-publish","has-post-thumbnail","hentry","product_cat-vases","product_tag-deep-blue","product_tag-design","product_tag-glass","product_tag-large","product_tag-multi","product_tag-vase"],"yoast_head":"<!-- This site is optimized with the Yoast SEO plugin v20.10 - https:\/\/yoast.com\/wordpress\/plugins\/seo\/ -->\n<title>Multi Vase L Deep Blue &mdash; Finnish Glass Design by Jokinen Konu Design<\/title>\n<meta name=\"description\" content=\"The Multi Vase L Deep Blue brings a modern look to the interior and represents the new Nordic design at its finest. The shape allows the flowers to be arranged in the vase beautifully. The bottom has plenty of room for water and the narrow neck prevents water from evaporating from the vessel too quickly. The beautiful and sculptural form of the Multi Vase L Deep Blue is produced by blowing the glass into a new type of modular wood mold. The mold invention is developed by the designers Jukka Jokinen and Heikki Konu. The mouthblown Multi design products are internationally awarded products.\" \/>\n<meta name=\"robots\" content=\"index, follow, max-snippet:-1, max-image-preview:large, max-video-preview:-1\" \/>\n<link rel=\"canonical\" href=\"https:\/\/www.jokinenkonu.com\/fi\/tuote\/multi-vase-l-deep-blue\/\" \/>\n<meta property=\"og:locale\" content=\"fi_FI\" \/>\n<meta property=\"og:type\" content=\"article\" \/>\n<meta property=\"og:title\" content=\"Multi Vase L Deep Blue &mdash; Finnish Glass Design by Jokinen Konu Design\" \/>\n<meta property=\"og:description\" content=\"The Multi Vase L Deep Blue brings a modern look to the interior and represents the new Nordic design at its finest. The shape allows the flowers to be arranged in the vase beautifully. The bottom has plenty of room for water and the narrow neck prevents water from evaporating from the vessel too quickly. The beautiful and sculptural form of the Multi Vase L Deep Blue is produced by blowing the glass into a new type of modular wood mold. The mold invention is developed by the designers Jukka Jokinen and Heikki Konu. The mouthblown Multi design products are internationally awarded products.\" \/>\n<meta property=\"og:url\" content=\"https:\/\/www.jokinenkonu.com\/fi\/tuote\/multi-vase-l-deep-blue\/\" \/>\n<meta property=\"article:publisher\" content=\"https:\/\/www.facebook.com\/jokinenkonu\" \/>\n<meta property=\"article:modified_time\" content=\"2025-04-16T07:59:48+00:00\" \/>\n<meta property=\"og:image\" content=\"https:\/\/www.jokinenkonu.com\/wp-content\/uploads\/2023\/05\/JokinenKonuDesign_Multi_DeepBlue_L_syvatty.jpg\" \/>\n\t<meta property=\"og:image:width\" content=\"2256\" \/>\n\t<meta property=\"og:image:height\" content=\"2256\" \/>\n\t<meta property=\"og:image:type\" content=\"image\/jpeg\" \/>\n<meta name=\"twitter:card\" content=\"summary_large_image\" \/>\n<meta name=\"twitter:label1\" content=\"Arvioitu lukuaika\" \/>\n\t<meta name=\"twitter:data1\" content=\"1 minuutti\" \/>\n<script type=\"application\/ld+json\" class=\"yoast-schema-graph\">{\"@context\":\"https:\/\/schema.org\",\"@graph\":[{\"@type\":\"WebPage\",\"@id\":\"https:\/\/www.jokinenkonu.com\/tuote\/multi-vase-l-deep-blue\/\",\"url\":\"https:\/\/www.jokinenkonu.com\/tuote\/multi-vase-l-deep-blue\/\",\"name\":\"Multi Vase L Deep Blue &mdash; Finnish Glass Design by Jokinen Konu Design\",\"isPartOf\":{\"@id\":\"https:\/\/www.jokinenkonu.com\/#website\"},\"datePublished\":\"2023-05-18T12:24:50+00:00\",\"dateModified\":\"2025-04-16T07:59:48+00:00\",\"description\":\"The Multi Vase L Deep Blue brings a modern look to the interior and represents the new Nordic design at its finest. The shape allows the flowers to be arranged in the vase beautifully. The bottom has plenty of room for water and the narrow neck prevents water from evaporating from the vessel too quickly. The beautiful and sculptural form of the Multi Vase L Deep Blue is produced by blowing the glass into a new type of modular wood mold. The mold invention is developed by the designers Jukka Jokinen and Heikki Konu. The mouthblown Multi design products are internationally awarded products.\",\"breadcrumb\":{\"@id\":\"https:\/\/www.jokinenkonu.com\/tuote\/multi-vase-l-deep-blue\/#breadcrumb\"},\"inLanguage\":\"fi\",\"potentialAction\":[{\"@type\":\"ReadAction\",\"target\":[\"https:\/\/www.jokinenkonu.com\/tuote\/multi-vase-l-deep-blue\/\"]}]},{\"@type\":\"BreadcrumbList\",\"@id\":\"https:\/\/www.jokinenkonu.com\/tuote\/multi-vase-l-deep-blue\/#breadcrumb\",\"itemListElement\":[{\"@type\":\"ListItem\",\"position\":1,\"name\":\"Etusivu\",\"item\":\"https:\/\/www.jokinenkonu.com\/\"},{\"@type\":\"ListItem\",\"position\":2,\"name\":\"Multi Vase L Deep Blue\"}]},{\"@type\":\"WebSite\",\"@id\":\"https:\/\/www.jokinenkonu.com\/#website\",\"url\":\"https:\/\/www.jokinenkonu.com\/\",\"name\":\"Jokinen Konu Design\",\"description\":\"\",\"publisher\":{\"@id\":\"https:\/\/www.jokinenkonu.com\/#organization\"},\"potentialAction\":[{\"@type\":\"SearchAction\",\"target\":{\"@type\":\"EntryPoint\",\"urlTemplate\":\"https:\/\/www.jokinenkonu.com\/?s={search_term_string}\"},\"query-input\":\"required name=search_term_string\"}],\"inLanguage\":\"fi\"},{\"@type\":\"Organization\",\"@id\":\"https:\/\/www.jokinenkonu.com\/#organization\",\"name\":\"Jokinen Konu Design\",\"url\":\"https:\/\/www.jokinenkonu.com\/\",\"logo\":{\"@type\":\"ImageObject\",\"inLanguage\":\"fi\",\"@id\":\"https:\/\/www.jokinenkonu.com\/#\/schema\/logo\/image\/\",\"url\":\"https:\/\/www.jokinenkonu.com\/wp-content\/uploads\/2020\/08\/cropped-Nayttokuva-2020-8-17-kello-12.45.31-1.png\",\"contentUrl\":\"https:\/\/www.jokinenkonu.com\/wp-content\/uploads\/2020\/08\/cropped-Nayttokuva-2020-8-17-kello-12.45.31-1.png\",\"width\":1794,\"height\":1792,\"caption\":\"Jokinen Konu Design\"},\"image\":{\"@id\":\"https:\/\/www.jokinenkonu.com\/#\/schema\/logo\/image\/\"},\"sameAs\":[\"https:\/\/www.facebook.com\/jokinenkonu\",\"https:\/\/www.instagram.com\/jokinenkonu\/\",\"https:\/\/www.linkedin.com\/company\/jokinen-konu-design-oy\/\"]}]}<\/script>\n<!-- \/ Yoast SEO plugin. -->","yoast_head_json":{"title":"Multi Vase L Deep Blue &mdash; Finnish Glass Design by Jokinen Konu Design","description":"The Multi Vase L Deep Blue brings a modern look to the interior and represents the new Nordic design at its finest. The shape allows the flowers to be arranged in the vase beautifully. The bottom has plenty of room for water and the narrow neck prevents water from evaporating from the vessel too quickly. The beautiful and sculptural form of the Multi Vase L Deep Blue is produced by blowing the glass into a new type of modular wood mold. The mold invention is developed by the designers Jukka Jokinen and Heikki Konu. The mouthblown Multi design products are internationally awarded products.","robots":{"index":"index","follow":"follow","max-snippet":"max-snippet:-1","max-image-preview":"max-image-preview:large","max-video-preview":"max-video-preview:-1"},"canonical":"https:\/\/www.jokinenkonu.com\/fi\/tuote\/multi-vase-l-deep-blue\/","og_locale":"fi_FI","og_type":"article","og_title":"Multi Vase L Deep Blue &mdash; Finnish Glass Design by Jokinen Konu Design","og_description":"The Multi Vase L Deep Blue brings a modern look to the interior and represents the new Nordic design at its finest. The shape allows the flowers to be arranged in the vase beautifully. The bottom has plenty of room for water and the narrow neck prevents water from evaporating from the vessel too quickly. The beautiful and sculptural form of the Multi Vase L Deep Blue is produced by blowing the glass into a new type of modular wood mold. The mold invention is developed by the designers Jukka Jokinen and Heikki Konu. The mouthblown Multi design products are internationally awarded products.","og_url":"https:\/\/www.jokinenkonu.com\/fi\/tuote\/multi-vase-l-deep-blue\/","article_publisher":"https:\/\/www.facebook.com\/jokinenkonu","article_modified_time":"2025-04-16T07:59:48+00:00","og_image":[{"width":2256,"height":2256,"url":"https:\/\/www.jokinenkonu.com\/wp-content\/uploads\/2023\/05\/JokinenKonuDesign_Multi_DeepBlue_L_syvatty.jpg","type":"image\/jpeg"}],"twitter_card":"summary_large_image","twitter_misc":{"Arvioitu lukuaika":"1 minuutti"},"schema":{"@context":"https:\/\/schema.org","@graph":[{"@type":"WebPage","@id":"https:\/\/www.jokinenkonu.com\/tuote\/multi-vase-l-deep-blue\/","url":"https:\/\/www.jokinenkonu.com\/tuote\/multi-vase-l-deep-blue\/","name":"Multi Vase L Deep Blue &mdash; Finnish Glass Design by Jokinen Konu Design","isPartOf":{"@id":"https:\/\/www.jokinenkonu.com\/#website"},"datePublished":"2023-05-18T12:24:50+00:00","dateModified":"2025-04-16T07:59:48+00:00","description":"The Multi Vase L Deep Blue brings a modern look to the interior and represents the new Nordic design at its finest. The shape allows the flowers to be arranged in the vase beautifully. The bottom has plenty of room for water and the narrow neck prevents water from evaporating from the vessel too quickly. The beautiful and sculptural form of the Multi Vase L Deep Blue is produced by blowing the glass into a new type of modular wood mold. The mold invention is developed by the designers Jukka Jokinen and Heikki Konu. The mouthblown Multi design products are internationally awarded products.","breadcrumb":{"@id":"https:\/\/www.jokinenkonu.com\/tuote\/multi-vase-l-deep-blue\/#breadcrumb"},"inLanguage":"fi","potentialAction":[{"@type":"ReadAction","target":["https:\/\/www.jokinenkonu.com\/tuote\/multi-vase-l-deep-blue\/"]}]},{"@type":"BreadcrumbList","@id":"https:\/\/www.jokinenkonu.com\/tuote\/multi-vase-l-deep-blue\/#breadcrumb","itemListElement":[{"@type":"ListItem","position":1,"name":"Etusivu","item":"https:\/\/www.jokinenkonu.com\/"},{"@type":"ListItem","position":2,"name":"Multi Vase L Deep Blue"}]},{"@type":"WebSite","@id":"https:\/\/www.jokinenkonu.com\/#website","url":"https:\/\/www.jokinenkonu.com\/","name":"Jokinen Konu Design","description":"","publisher":{"@id":"https:\/\/www.jokinenkonu.com\/#organization"},"potentialAction":[{"@type":"SearchAction","target":{"@type":"EntryPoint","urlTemplate":"https:\/\/www.jokinenkonu.com\/?s={search_term_string}"},"query-input":"required name=search_term_string"}],"inLanguage":"fi"},{"@type":"Organization","@id":"https:\/\/www.jokinenkonu.com\/#organization","name":"Jokinen Konu Design","url":"https:\/\/www.jokinenkonu.com\/","logo":{"@type":"ImageObject","inLanguage":"fi","@id":"https:\/\/www.jokinenkonu.com\/#\/schema\/logo\/image\/","url":"https:\/\/www.jokinenkonu.com\/wp-content\/uploads\/2020\/08\/cropped-Nayttokuva-2020-8-17-kello-12.45.31-1.png","contentUrl":"https:\/\/www.jokinenkonu.com\/wp-content\/uploads\/2020\/08\/cropped-Nayttokuva-2020-8-17-kello-12.45.31-1.png","width":1794,"height":1792,"caption":"Jokinen Konu Design"},"image":{"@id":"https:\/\/www.jokinenkonu.com\/#\/schema\/logo\/image\/"},"sameAs":["https:\/\/www.facebook.com\/jokinenkonu","https:\/\/www.instagram.com\/jokinenkonu\/","https:\/\/www.linkedin.com\/company\/jokinen-konu-design-oy\/"]}]}},"_links":{"self":[{"href":"https:\/\/www.jokinenkonu.com\/fi\/wp-json\/wp\/v2\/product\/4825","targetHints":{"allow":["GET"]}}],"collection":[{"href":"https:\/\/www.jokinenkonu.com\/fi\/wp-json\/wp\/v2\/product"}],"about":[{"href":"https:\/\/www.jokinenkonu.com\/fi\/wp-json\/wp\/v2\/types\/product"}],"replies":[{"embeddable":true,"href":"https:\/\/www.jokinenkonu.com\/fi\/wp-json\/wp\/v2\/comments?post=4825"}],"version-history":[{"count":6,"href":"https:\/\/www.jokinenkonu.com\/fi\/wp-json\/wp\/v2\/product\/4825\/revisions"}],"predecessor-version":[{"id":4867,"href":"https:\/\/www.jokinenkonu.com\/fi\/wp-json\/wp\/v2\/product\/4825\/revisions\/4867"}],"wp:featuredmedia":[{"embeddable":true,"href":"https:\/\/www.jokinenkonu.com\/fi\/wp-json\/wp\/v2\/media\/4862"}],"wp:attachment":[{"href":"https:\/\/www.jokinenkonu.com\/fi\/wp-json\/wp\/v2\/media?parent=4825"}],"wp:term":[{"taxonomy":"product_cat","embeddable":true,"href":"https:\/\/www.jokinenkonu.com\/fi\/wp-json\/wp\/v2\/product_cat?post=4825"},{"taxonomy":"product_tag","embeddable":true,"href":"https:\/\/www.jokinenkonu.com\/fi\/wp-json\/wp\/v2\/product_tag?post=4825"}],"curies":[{"name":"wp","href":"https:\/\/api.w.org\/{rel}","templated":true}]}}