{"id":4820,"date":"2023-05-18T15:19:30","date_gmt":"2023-05-18T12:19:30","guid":{"rendered":"https:\/\/www.jokinenkonu.com\/?post_type=product&#038;p=4820"},"modified":"2025-04-16T11:01:06","modified_gmt":"2025-04-16T08:01:06","slug":"multi-vase-m-honey","status":"publish","type":"product","link":"https:\/\/www.jokinenkonu.com\/fi\/tuote\/multi-vase-m-honey\/","title":{"rendered":"Multi Maljakko M Hunaja"},"content":{"rendered":"<div data-elementor-type=\"wp-post\" data-elementor-id=\"4820\" class=\"elementor elementor-4820\">\n\t\t\t\t\t\t<div class=\"elementor-inner\">\n\t\t\t\t<div class=\"elementor-section-wrap\">\n\t\t\t\t\t\t\t\t\t<section class=\"elementor-section elementor-top-section elementor-element elementor-element-7af23200 elementor-section-boxed elementor-section-height-default elementor-section-height-default\" data-id=\"7af23200\" data-element_type=\"section\">\n\t\t\t\t\t\t<div class=\"elementor-container elementor-column-gap-default\">\n\t\t\t\t\t\t\t<div class=\"elementor-row\">\n\t\t\t\t\t<div class=\"elementor-column elementor-col-100 elementor-top-column elementor-element elementor-element-5b30595\" data-id=\"5b30595\" data-element_type=\"column\">\n\t\t\t<div class=\"elementor-column-wrap elementor-element-populated\">\n\t\t\t\t\t\t\t<div class=\"elementor-widget-wrap\">\n\t\t\t\t\t\t<div class=\"elementor-element elementor-element-23f67cb2 elementor-widget elementor-widget-text-editor\" data-id=\"23f67cb2\" data-element_type=\"widget\" data-widget_type=\"text-editor.default\">\n\t\t\t\t<div class=\"elementor-widget-container\">\n\t\t\t\t\t\t\t\t<div class=\"elementor-text-editor elementor-clearfix\">\n\t\t\t\t<h5><span style=\"font-weight: 400;\">V\u00e4ri: Hunaja<\/span><\/h5>\n<h5><span style=\"font-weight: 400;\">Materiaali: Lasi<\/span><\/h5>\n<h5><span style=\"font-weight: 400;\">Koko: \u2300 9,5 cm, h= 16 cm<\/span><\/h5>\t\t\t\t\t<\/div>\n\t\t\t\t\t\t<\/div>\n\t\t\t\t<\/div>\n\t\t\t\t\t\t<\/div>\n\t\t\t\t\t<\/div>\n\t\t<\/div>\n\t\t\t\t\t\t\t\t<\/div>\n\t\t\t\t\t<\/div>\n\t\t<\/section>\n\t\t\t\t\t\t\t\t\t<\/div>\n\t\t\t<\/div>\n\t\t\t\t\t<\/div>","protected":false},"excerpt":{"rendered":"<h4>Multi Maljakko<\/h4>\n<h4>Hunaja<\/h4>\n<h4>Keskikoko<\/h4>\n<p>&nbsp;<\/p>\n<h5><span style=\"font-weight: 400;\">Multi-maljakot tuovat sisustukseen modernia ilmett\u00e4 ja edustavat uutta pohjoismaista muotoilua parhaimmillaan. Maljakon muoto mahdollistaa kukkien j\u00e4rjestelyn maljakkoon kauniisti. Pohjaosassa on runsaasti tilaa vedelle ja kapea kaula est\u00e4\u00e4 vett\u00e4 haihtumasta astiasta liian nopeasti. Multi-maljakon kaunis ja veistoksellinen muoto syntyy, kun lasi suupuhalletaan uuden tyyppiseen modulaariseen puumuottiin. Muotin ovat kehitt\u00e4neet muotoilijat Jukka Jokinen ja Heikki Konu. Suupuhalletut Multi-lasiesineet ovat kansainv\u00e4lisesti palkittuja muotoilutuotteita. Multi-maljakoita on saatavana kolmessa eri koossa.<\/span><\/h5>\n<p>&nbsp;<\/p>","protected":false},"featured_media":4865,"comment_status":"open","ping_status":"closed","template":"elementor_header_footer","meta":{"content-type":"","spay_email":"","_vp_format_video_url":"","_vp_image_focal_point":[]},"product_cat":[25],"product_tag":[51,78,58,27,47],"class_list":["post-4820","product","type-product","status-publish","has-post-thumbnail","hentry","product_cat-vases","product_tag-glass","product_tag-honey","product_tag-medium","product_tag-multi","product_tag-vase"],"yoast_head":"<!-- This site is optimized with the Yoast SEO plugin v20.10 - https:\/\/yoast.com\/wordpress\/plugins\/seo\/ -->\n<title>Multi Vase M Honey &mdash;  Finnish Glass Design by Jokinen Konu<\/title>\n<meta name=\"description\" content=\"Multi Vase M Honey brings a modern look to the interior and represents the new Nordic design at its finest. The shape allows the flowers to be arranged in the vase beautifully. The beautiful and sculptural form of the Multi Vase M Honey is produced by blowing the glass into a new type of modular wood mold. The mold invention is developed by the designers Jukka Jokinen and Heikki Konu. The mouthblown Multi design products are internationally awarded products.\" \/>\n<meta name=\"robots\" content=\"index, follow, max-snippet:-1, max-image-preview:large, max-video-preview:-1\" \/>\n<link rel=\"canonical\" href=\"https:\/\/www.jokinenkonu.com\/fi\/tuote\/multi-vase-m-honey\/\" \/>\n<meta property=\"og:locale\" content=\"fi_FI\" \/>\n<meta property=\"og:type\" content=\"article\" \/>\n<meta property=\"og:title\" content=\"Multi Vase M Honey &mdash;  Finnish Glass Design by Jokinen Konu\" \/>\n<meta property=\"og:description\" content=\"Multi Vase M Honey brings a modern look to the interior and represents the new Nordic design at its finest. The shape allows the flowers to be arranged in the vase beautifully. The beautiful and sculptural form of the Multi Vase M Honey is produced by blowing the glass into a new type of modular wood mold. The mold invention is developed by the designers Jukka Jokinen and Heikki Konu. The mouthblown Multi design products are internationally awarded products.\" \/>\n<meta property=\"og:url\" content=\"https:\/\/www.jokinenkonu.com\/fi\/tuote\/multi-vase-m-honey\/\" \/>\n<meta property=\"article:publisher\" content=\"https:\/\/www.facebook.com\/jokinenkonu\" \/>\n<meta property=\"article:modified_time\" content=\"2025-04-16T08:01:06+00:00\" \/>\n<meta property=\"og:image\" content=\"https:\/\/www.jokinenkonu.com\/wp-content\/uploads\/2023\/05\/JokinenKonuDesign_Multi_Honey_M_syvatty.jpg\" \/>\n\t<meta property=\"og:image:width\" content=\"2256\" \/>\n\t<meta property=\"og:image:height\" content=\"2256\" \/>\n\t<meta property=\"og:image:type\" content=\"image\/jpeg\" \/>\n<meta name=\"twitter:card\" content=\"summary_large_image\" \/>\n<meta name=\"twitter:label1\" content=\"Arvioitu lukuaika\" \/>\n\t<meta name=\"twitter:data1\" content=\"1 minuutti\" \/>\n<script type=\"application\/ld+json\" class=\"yoast-schema-graph\">{\"@context\":\"https:\/\/schema.org\",\"@graph\":[{\"@type\":\"WebPage\",\"@id\":\"https:\/\/www.jokinenkonu.com\/tuote\/multi-vase-m-honey\/\",\"url\":\"https:\/\/www.jokinenkonu.com\/tuote\/multi-vase-m-honey\/\",\"name\":\"Multi Vase M Honey &mdash; Finnish Glass Design by Jokinen Konu\",\"isPartOf\":{\"@id\":\"https:\/\/www.jokinenkonu.com\/#website\"},\"datePublished\":\"2023-05-18T12:19:30+00:00\",\"dateModified\":\"2025-04-16T08:01:06+00:00\",\"description\":\"Multi Vase M Honey brings a modern look to the interior and represents the new Nordic design at its finest. The shape allows the flowers to be arranged in the vase beautifully. The beautiful and sculptural form of the Multi Vase M Honey is produced by blowing the glass into a new type of modular wood mold. The mold invention is developed by the designers Jukka Jokinen and Heikki Konu. The mouthblown Multi design products are internationally awarded products.\",\"breadcrumb\":{\"@id\":\"https:\/\/www.jokinenkonu.com\/tuote\/multi-vase-m-honey\/#breadcrumb\"},\"inLanguage\":\"fi\",\"potentialAction\":[{\"@type\":\"ReadAction\",\"target\":[\"https:\/\/www.jokinenkonu.com\/tuote\/multi-vase-m-honey\/\"]}]},{\"@type\":\"BreadcrumbList\",\"@id\":\"https:\/\/www.jokinenkonu.com\/tuote\/multi-vase-m-honey\/#breadcrumb\",\"itemListElement\":[{\"@type\":\"ListItem\",\"position\":1,\"name\":\"Etusivu\",\"item\":\"https:\/\/www.jokinenkonu.com\/\"},{\"@type\":\"ListItem\",\"position\":2,\"name\":\"Multi Vase M Honey\"}]},{\"@type\":\"WebSite\",\"@id\":\"https:\/\/www.jokinenkonu.com\/#website\",\"url\":\"https:\/\/www.jokinenkonu.com\/\",\"name\":\"Jokinen Konu Design\",\"description\":\"\",\"publisher\":{\"@id\":\"https:\/\/www.jokinenkonu.com\/#organization\"},\"potentialAction\":[{\"@type\":\"SearchAction\",\"target\":{\"@type\":\"EntryPoint\",\"urlTemplate\":\"https:\/\/www.jokinenkonu.com\/?s={search_term_string}\"},\"query-input\":\"required name=search_term_string\"}],\"inLanguage\":\"fi\"},{\"@type\":\"Organization\",\"@id\":\"https:\/\/www.jokinenkonu.com\/#organization\",\"name\":\"Jokinen Konu Design\",\"url\":\"https:\/\/www.jokinenkonu.com\/\",\"logo\":{\"@type\":\"ImageObject\",\"inLanguage\":\"fi\",\"@id\":\"https:\/\/www.jokinenkonu.com\/#\/schema\/logo\/image\/\",\"url\":\"https:\/\/www.jokinenkonu.com\/wp-content\/uploads\/2020\/08\/cropped-Nayttokuva-2020-8-17-kello-12.45.31-1.png\",\"contentUrl\":\"https:\/\/www.jokinenkonu.com\/wp-content\/uploads\/2020\/08\/cropped-Nayttokuva-2020-8-17-kello-12.45.31-1.png\",\"width\":1794,\"height\":1792,\"caption\":\"Jokinen Konu Design\"},\"image\":{\"@id\":\"https:\/\/www.jokinenkonu.com\/#\/schema\/logo\/image\/\"},\"sameAs\":[\"https:\/\/www.facebook.com\/jokinenkonu\",\"https:\/\/www.instagram.com\/jokinenkonu\/\",\"https:\/\/www.linkedin.com\/company\/jokinen-konu-design-oy\/\"]}]}<\/script>\n<!-- \/ Yoast SEO plugin. -->","yoast_head_json":{"title":"Multi Vase M Honey &mdash;  Finnish Glass Design by Jokinen Konu","description":"Multi Vase M Honey brings a modern look to the interior and represents the new Nordic design at its finest. The shape allows the flowers to be arranged in the vase beautifully. The beautiful and sculptural form of the Multi Vase M Honey is produced by blowing the glass into a new type of modular wood mold. The mold invention is developed by the designers Jukka Jokinen and Heikki Konu. The mouthblown Multi design products are internationally awarded products.","robots":{"index":"index","follow":"follow","max-snippet":"max-snippet:-1","max-image-preview":"max-image-preview:large","max-video-preview":"max-video-preview:-1"},"canonical":"https:\/\/www.jokinenkonu.com\/fi\/tuote\/multi-vase-m-honey\/","og_locale":"fi_FI","og_type":"article","og_title":"Multi Vase M Honey &mdash;  Finnish Glass Design by Jokinen Konu","og_description":"Multi Vase M Honey brings a modern look to the interior and represents the new Nordic design at its finest. The shape allows the flowers to be arranged in the vase beautifully. The beautiful and sculptural form of the Multi Vase M Honey is produced by blowing the glass into a new type of modular wood mold. The mold invention is developed by the designers Jukka Jokinen and Heikki Konu. The mouthblown Multi design products are internationally awarded products.","og_url":"https:\/\/www.jokinenkonu.com\/fi\/tuote\/multi-vase-m-honey\/","article_publisher":"https:\/\/www.facebook.com\/jokinenkonu","article_modified_time":"2025-04-16T08:01:06+00:00","og_image":[{"width":2256,"height":2256,"url":"https:\/\/www.jokinenkonu.com\/wp-content\/uploads\/2023\/05\/JokinenKonuDesign_Multi_Honey_M_syvatty.jpg","type":"image\/jpeg"}],"twitter_card":"summary_large_image","twitter_misc":{"Arvioitu lukuaika":"1 minuutti"},"schema":{"@context":"https:\/\/schema.org","@graph":[{"@type":"WebPage","@id":"https:\/\/www.jokinenkonu.com\/tuote\/multi-vase-m-honey\/","url":"https:\/\/www.jokinenkonu.com\/tuote\/multi-vase-m-honey\/","name":"Multi Vase M Honey &mdash; Finnish Glass Design by Jokinen Konu","isPartOf":{"@id":"https:\/\/www.jokinenkonu.com\/#website"},"datePublished":"2023-05-18T12:19:30+00:00","dateModified":"2025-04-16T08:01:06+00:00","description":"Multi Vase M Honey brings a modern look to the interior and represents the new Nordic design at its finest. The shape allows the flowers to be arranged in the vase beautifully. The beautiful and sculptural form of the Multi Vase M Honey is produced by blowing the glass into a new type of modular wood mold. The mold invention is developed by the designers Jukka Jokinen and Heikki Konu. The mouthblown Multi design products are internationally awarded products.","breadcrumb":{"@id":"https:\/\/www.jokinenkonu.com\/tuote\/multi-vase-m-honey\/#breadcrumb"},"inLanguage":"fi","potentialAction":[{"@type":"ReadAction","target":["https:\/\/www.jokinenkonu.com\/tuote\/multi-vase-m-honey\/"]}]},{"@type":"BreadcrumbList","@id":"https:\/\/www.jokinenkonu.com\/tuote\/multi-vase-m-honey\/#breadcrumb","itemListElement":[{"@type":"ListItem","position":1,"name":"Etusivu","item":"https:\/\/www.jokinenkonu.com\/"},{"@type":"ListItem","position":2,"name":"Multi Vase M Honey"}]},{"@type":"WebSite","@id":"https:\/\/www.jokinenkonu.com\/#website","url":"https:\/\/www.jokinenkonu.com\/","name":"Jokinen Konu Design","description":"","publisher":{"@id":"https:\/\/www.jokinenkonu.com\/#organization"},"potentialAction":[{"@type":"SearchAction","target":{"@type":"EntryPoint","urlTemplate":"https:\/\/www.jokinenkonu.com\/?s={search_term_string}"},"query-input":"required name=search_term_string"}],"inLanguage":"fi"},{"@type":"Organization","@id":"https:\/\/www.jokinenkonu.com\/#organization","name":"Jokinen Konu Design","url":"https:\/\/www.jokinenkonu.com\/","logo":{"@type":"ImageObject","inLanguage":"fi","@id":"https:\/\/www.jokinenkonu.com\/#\/schema\/logo\/image\/","url":"https:\/\/www.jokinenkonu.com\/wp-content\/uploads\/2020\/08\/cropped-Nayttokuva-2020-8-17-kello-12.45.31-1.png","contentUrl":"https:\/\/www.jokinenkonu.com\/wp-content\/uploads\/2020\/08\/cropped-Nayttokuva-2020-8-17-kello-12.45.31-1.png","width":1794,"height":1792,"caption":"Jokinen Konu Design"},"image":{"@id":"https:\/\/www.jokinenkonu.com\/#\/schema\/logo\/image\/"},"sameAs":["https:\/\/www.facebook.com\/jokinenkonu","https:\/\/www.instagram.com\/jokinenkonu\/","https:\/\/www.linkedin.com\/company\/jokinen-konu-design-oy\/"]}]}},"_links":{"self":[{"href":"https:\/\/www.jokinenkonu.com\/fi\/wp-json\/wp\/v2\/product\/4820","targetHints":{"allow":["GET"]}}],"collection":[{"href":"https:\/\/www.jokinenkonu.com\/fi\/wp-json\/wp\/v2\/product"}],"about":[{"href":"https:\/\/www.jokinenkonu.com\/fi\/wp-json\/wp\/v2\/types\/product"}],"replies":[{"embeddable":true,"href":"https:\/\/www.jokinenkonu.com\/fi\/wp-json\/wp\/v2\/comments?post=4820"}],"version-history":[{"count":5,"href":"https:\/\/www.jokinenkonu.com\/fi\/wp-json\/wp\/v2\/product\/4820\/revisions"}],"predecessor-version":[{"id":4898,"href":"https:\/\/www.jokinenkonu.com\/fi\/wp-json\/wp\/v2\/product\/4820\/revisions\/4898"}],"wp:featuredmedia":[{"embeddable":true,"href":"https:\/\/www.jokinenkonu.com\/fi\/wp-json\/wp\/v2\/media\/4865"}],"wp:attachment":[{"href":"https:\/\/www.jokinenkonu.com\/fi\/wp-json\/wp\/v2\/media?parent=4820"}],"wp:term":[{"taxonomy":"product_cat","embeddable":true,"href":"https:\/\/www.jokinenkonu.com\/fi\/wp-json\/wp\/v2\/product_cat?post=4820"},{"taxonomy":"product_tag","embeddable":true,"href":"https:\/\/www.jokinenkonu.com\/fi\/wp-json\/wp\/v2\/product_tag?post=4820"}],"curies":[{"name":"wp","href":"https:\/\/api.w.org\/{rel}","templated":true}]}}