{"id":2002,"date":"2021-05-20T11:31:24","date_gmt":"2021-05-20T11:31:24","guid":{"rendered":"https:\/\/www.jokinenkonu.com\/?post_type=product&#038;p=2002"},"modified":"2023-10-23T11:54:11","modified_gmt":"2023-10-23T08:54:11","slug":"innolux-multi-l-black","status":"publish","type":"product","link":"https:\/\/www.jokinenkonu.com\/fi\/tuote\/innolux-multi-l-black\/","title":{"rendered":"Innolux Multi L Musta"},"content":{"rendered":"<div data-elementor-type=\"wp-post\" data-elementor-id=\"2002\" class=\"elementor elementor-2002\">\n\t\t\t\t\t\t<div class=\"elementor-inner\">\n\t\t\t\t<div class=\"elementor-section-wrap\">\n\t\t\t\t\t\t\t\t\t<section class=\"elementor-section elementor-top-section elementor-element elementor-element-d90b146 elementor-section-boxed elementor-section-height-default elementor-section-height-default\" data-id=\"d90b146\" data-element_type=\"section\">\n\t\t\t\t\t\t<div class=\"elementor-container elementor-column-gap-default\">\n\t\t\t\t\t\t\t<div class=\"elementor-row\">\n\t\t\t\t\t<div class=\"elementor-column elementor-col-100 elementor-top-column elementor-element elementor-element-7ca2582e\" data-id=\"7ca2582e\" data-element_type=\"column\">\n\t\t\t<div class=\"elementor-column-wrap elementor-element-populated\">\n\t\t\t\t\t\t\t<div class=\"elementor-widget-wrap\">\n\t\t\t\t\t\t<div class=\"elementor-element elementor-element-46c10097 elementor-widget elementor-widget-text-editor\" data-id=\"46c10097\" data-element_type=\"widget\" data-widget_type=\"text-editor.default\">\n\t\t\t\t<div class=\"elementor-widget-container\">\n\t\t\t\t\t\t\t\t<div class=\"elementor-text-editor elementor-clearfix\">\n\t\t\t\t<h5><span style=\"font-weight: 400;\">Materiaali: Musta lasi<\/span><\/h5><h5><span style=\"font-weight: 400;\">Koko: \u2300 18 cm, h = 26,5 cm<\/span><\/h5><h5><span style=\"font-weight: 400;\">Valonl\u00e4hde: 1 x LED E27 (ei sis\u00e4ll\u00e4 polttimoa)<\/span><\/h5>\t\t\t\t\t<\/div>\n\t\t\t\t\t\t<\/div>\n\t\t\t\t<\/div>\n\t\t\t\t\t\t<\/div>\n\t\t\t\t\t<\/div>\n\t\t<\/div>\n\t\t\t\t\t\t\t\t<\/div>\n\t\t\t\t\t<\/div>\n\t\t<\/section>\n\t\t\t\t\t\t\t\t\t<\/div>\n\t\t\t<\/div>\n\t\t\t\t\t<\/div>","protected":false},"excerpt":{"rendered":"<h4>Innolux Multi L<\/h4>\n<h4>Riippuvalaisin<\/h4>\n<h4>Musta<\/h4>\n<p>&nbsp;<\/p>\n<h5><span style=\"font-weight: 400;\">Jukka Jokisen ja Heikki Konun Innoluxille suunnittelema tyylik\u00e4s Multi-valaisinsarja perustuu uudenlaiseen, modulaariseen lasinpuhallusmuottiin. Suupuhalletusta lasista valmistettu Multi on laadukas hyv\u00e4\u00e4 valoa antava valaisin sek\u00e4 my\u00f6s kaunis ja elegantti kodin sisustuselementti. Multi-valaisimia on saatavilla kolmessa koossa: S, M ja L.<\/span><\/h5>\n<p>&nbsp;<\/p>\n<h4>Ilmainen toimitus Suomessa<\/h4>\n<p>&nbsp;<\/p>","protected":false},"featured_media":1996,"comment_status":"open","ping_status":"closed","template":"elementor_header_footer","meta":{"content-type":"","spay_email":"","_vp_format_video_url":"","_vp_image_focal_point":[]},"product_cat":[24],"product_tag":[75,51,63,29,57,27,52],"class_list":["post-2002","product","type-product","status-publish","has-post-thumbnail","hentry","product_cat-innoluxlights","product_tag-black","product_tag-glass","product_tag-innolux","product_tag-large","product_tag-light","product_tag-multi","product_tag-pendant"],"yoast_head":"<!-- This site is optimized with the Yoast SEO plugin v20.10 - https:\/\/yoast.com\/wordpress\/plugins\/seo\/ -->\n<title>Innolux Multi L Black &mdash; Glass Pendant Light by Jokinen Konu<\/title>\n<meta name=\"description\" content=\"The stylish Innolux Multi L Black, designed by Jukka Jokinen and Heikki Konu, is based on a new modular glass-blowing mold. Made of mouth-blown glass, the Innolux Multi L Black is not only a high-quality luminaire that produces good light, but also a beautiful and elegant home decoration element. The design lights of the Multi product family are available in three different sizes.\" \/>\n<meta name=\"robots\" content=\"index, follow, max-snippet:-1, max-image-preview:large, max-video-preview:-1\" \/>\n<link rel=\"canonical\" href=\"https:\/\/www.jokinenkonu.com\/fi\/tuote\/innolux-multi-l-black\/\" \/>\n<meta property=\"og:locale\" content=\"fi_FI\" \/>\n<meta property=\"og:type\" content=\"article\" \/>\n<meta property=\"og:title\" content=\"Innolux Multi L Black &mdash; Glass Pendant Light by Jokinen Konu\" \/>\n<meta property=\"og:description\" content=\"The stylish Innolux Multi L Black, designed by Jukka Jokinen and Heikki Konu, is based on a new modular glass-blowing mold. Made of mouth-blown glass, the Innolux Multi L Black is not only a high-quality luminaire that produces good light, but also a beautiful and elegant home decoration element. The design lights of the Multi product family are available in three different sizes.\" \/>\n<meta property=\"og:url\" content=\"https:\/\/www.jokinenkonu.com\/fi\/tuote\/innolux-multi-l-black\/\" \/>\n<meta property=\"article:publisher\" content=\"https:\/\/www.facebook.com\/jokinenkonu\" \/>\n<meta property=\"article:modified_time\" content=\"2023-10-23T08:54:11+00:00\" \/>\n<meta property=\"og:image\" content=\"https:\/\/www.jokinenkonu.com\/wp-content\/uploads\/2021\/05\/multi-l-riippuvalaisin-riippuvalaisin-innolux-musta-894641_1000x1000.jpg\" \/>\n\t<meta property=\"og:image:width\" content=\"1000\" \/>\n\t<meta property=\"og:image:height\" content=\"1000\" \/>\n\t<meta property=\"og:image:type\" content=\"image\/jpeg\" \/>\n<meta name=\"twitter:card\" content=\"summary_large_image\" \/>\n<meta name=\"twitter:label1\" content=\"Arvioitu lukuaika\" \/>\n\t<meta name=\"twitter:data1\" content=\"1 minuutti\" \/>\n<script type=\"application\/ld+json\" class=\"yoast-schema-graph\">{\"@context\":\"https:\/\/schema.org\",\"@graph\":[{\"@type\":\"WebPage\",\"@id\":\"https:\/\/www.jokinenkonu.com\/tuote\/innolux-multi-l-black\/\",\"url\":\"https:\/\/www.jokinenkonu.com\/tuote\/innolux-multi-l-black\/\",\"name\":\"Innolux Multi L Black &mdash; Glass Pendant Light by Jokinen Konu\",\"isPartOf\":{\"@id\":\"https:\/\/www.jokinenkonu.com\/#website\"},\"datePublished\":\"2021-05-20T11:31:24+00:00\",\"dateModified\":\"2023-10-23T08:54:11+00:00\",\"description\":\"The stylish Innolux Multi L Black, designed by Jukka Jokinen and Heikki Konu, is based on a new modular glass-blowing mold. Made of mouth-blown glass, the Innolux Multi L Black is not only a high-quality luminaire that produces good light, but also a beautiful and elegant home decoration element. The design lights of the Multi product family are available in three different sizes.\",\"breadcrumb\":{\"@id\":\"https:\/\/www.jokinenkonu.com\/tuote\/innolux-multi-l-black\/#breadcrumb\"},\"inLanguage\":\"fi\",\"potentialAction\":[{\"@type\":\"ReadAction\",\"target\":[\"https:\/\/www.jokinenkonu.com\/tuote\/innolux-multi-l-black\/\"]}]},{\"@type\":\"BreadcrumbList\",\"@id\":\"https:\/\/www.jokinenkonu.com\/tuote\/innolux-multi-l-black\/#breadcrumb\",\"itemListElement\":[{\"@type\":\"ListItem\",\"position\":1,\"name\":\"Etusivu\",\"item\":\"https:\/\/www.jokinenkonu.com\/\"},{\"@type\":\"ListItem\",\"position\":2,\"name\":\"Innolux Multi L Black\"}]},{\"@type\":\"WebSite\",\"@id\":\"https:\/\/www.jokinenkonu.com\/#website\",\"url\":\"https:\/\/www.jokinenkonu.com\/\",\"name\":\"Jokinen Konu Design\",\"description\":\"\",\"publisher\":{\"@id\":\"https:\/\/www.jokinenkonu.com\/#organization\"},\"potentialAction\":[{\"@type\":\"SearchAction\",\"target\":{\"@type\":\"EntryPoint\",\"urlTemplate\":\"https:\/\/www.jokinenkonu.com\/?s={search_term_string}\"},\"query-input\":\"required name=search_term_string\"}],\"inLanguage\":\"fi\"},{\"@type\":\"Organization\",\"@id\":\"https:\/\/www.jokinenkonu.com\/#organization\",\"name\":\"Jokinen Konu Design\",\"url\":\"https:\/\/www.jokinenkonu.com\/\",\"logo\":{\"@type\":\"ImageObject\",\"inLanguage\":\"fi\",\"@id\":\"https:\/\/www.jokinenkonu.com\/#\/schema\/logo\/image\/\",\"url\":\"https:\/\/www.jokinenkonu.com\/wp-content\/uploads\/2020\/08\/cropped-Nayttokuva-2020-8-17-kello-12.45.31-1.png\",\"contentUrl\":\"https:\/\/www.jokinenkonu.com\/wp-content\/uploads\/2020\/08\/cropped-Nayttokuva-2020-8-17-kello-12.45.31-1.png\",\"width\":1794,\"height\":1792,\"caption\":\"Jokinen Konu Design\"},\"image\":{\"@id\":\"https:\/\/www.jokinenkonu.com\/#\/schema\/logo\/image\/\"},\"sameAs\":[\"https:\/\/www.facebook.com\/jokinenkonu\",\"https:\/\/www.instagram.com\/jokinenkonu\/\",\"https:\/\/www.linkedin.com\/company\/jokinen-konu-design-oy\/\"]}]}<\/script>\n<!-- \/ Yoast SEO plugin. -->","yoast_head_json":{"title":"Innolux Multi L Black &mdash; Glass Pendant Light by Jokinen Konu","description":"The stylish Innolux Multi L Black, designed by Jukka Jokinen and Heikki Konu, is based on a new modular glass-blowing mold. Made of mouth-blown glass, the Innolux Multi L Black is not only a high-quality luminaire that produces good light, but also a beautiful and elegant home decoration element. The design lights of the Multi product family are available in three different sizes.","robots":{"index":"index","follow":"follow","max-snippet":"max-snippet:-1","max-image-preview":"max-image-preview:large","max-video-preview":"max-video-preview:-1"},"canonical":"https:\/\/www.jokinenkonu.com\/fi\/tuote\/innolux-multi-l-black\/","og_locale":"fi_FI","og_type":"article","og_title":"Innolux Multi L Black &mdash; Glass Pendant Light by Jokinen Konu","og_description":"The stylish Innolux Multi L Black, designed by Jukka Jokinen and Heikki Konu, is based on a new modular glass-blowing mold. Made of mouth-blown glass, the Innolux Multi L Black is not only a high-quality luminaire that produces good light, but also a beautiful and elegant home decoration element. The design lights of the Multi product family are available in three different sizes.","og_url":"https:\/\/www.jokinenkonu.com\/fi\/tuote\/innolux-multi-l-black\/","article_publisher":"https:\/\/www.facebook.com\/jokinenkonu","article_modified_time":"2023-10-23T08:54:11+00:00","og_image":[{"width":1000,"height":1000,"url":"https:\/\/www.jokinenkonu.com\/wp-content\/uploads\/2021\/05\/multi-l-riippuvalaisin-riippuvalaisin-innolux-musta-894641_1000x1000.jpg","type":"image\/jpeg"}],"twitter_card":"summary_large_image","twitter_misc":{"Arvioitu lukuaika":"1 minuutti"},"schema":{"@context":"https:\/\/schema.org","@graph":[{"@type":"WebPage","@id":"https:\/\/www.jokinenkonu.com\/tuote\/innolux-multi-l-black\/","url":"https:\/\/www.jokinenkonu.com\/tuote\/innolux-multi-l-black\/","name":"Innolux Multi L Black &mdash; Glass Pendant Light by Jokinen Konu","isPartOf":{"@id":"https:\/\/www.jokinenkonu.com\/#website"},"datePublished":"2021-05-20T11:31:24+00:00","dateModified":"2023-10-23T08:54:11+00:00","description":"The stylish Innolux Multi L Black, designed by Jukka Jokinen and Heikki Konu, is based on a new modular glass-blowing mold. Made of mouth-blown glass, the Innolux Multi L Black is not only a high-quality luminaire that produces good light, but also a beautiful and elegant home decoration element. The design lights of the Multi product family are available in three different sizes.","breadcrumb":{"@id":"https:\/\/www.jokinenkonu.com\/tuote\/innolux-multi-l-black\/#breadcrumb"},"inLanguage":"fi","potentialAction":[{"@type":"ReadAction","target":["https:\/\/www.jokinenkonu.com\/tuote\/innolux-multi-l-black\/"]}]},{"@type":"BreadcrumbList","@id":"https:\/\/www.jokinenkonu.com\/tuote\/innolux-multi-l-black\/#breadcrumb","itemListElement":[{"@type":"ListItem","position":1,"name":"Etusivu","item":"https:\/\/www.jokinenkonu.com\/"},{"@type":"ListItem","position":2,"name":"Innolux Multi L Black"}]},{"@type":"WebSite","@id":"https:\/\/www.jokinenkonu.com\/#website","url":"https:\/\/www.jokinenkonu.com\/","name":"Jokinen Konu Design","description":"","publisher":{"@id":"https:\/\/www.jokinenkonu.com\/#organization"},"potentialAction":[{"@type":"SearchAction","target":{"@type":"EntryPoint","urlTemplate":"https:\/\/www.jokinenkonu.com\/?s={search_term_string}"},"query-input":"required name=search_term_string"}],"inLanguage":"fi"},{"@type":"Organization","@id":"https:\/\/www.jokinenkonu.com\/#organization","name":"Jokinen Konu Design","url":"https:\/\/www.jokinenkonu.com\/","logo":{"@type":"ImageObject","inLanguage":"fi","@id":"https:\/\/www.jokinenkonu.com\/#\/schema\/logo\/image\/","url":"https:\/\/www.jokinenkonu.com\/wp-content\/uploads\/2020\/08\/cropped-Nayttokuva-2020-8-17-kello-12.45.31-1.png","contentUrl":"https:\/\/www.jokinenkonu.com\/wp-content\/uploads\/2020\/08\/cropped-Nayttokuva-2020-8-17-kello-12.45.31-1.png","width":1794,"height":1792,"caption":"Jokinen Konu Design"},"image":{"@id":"https:\/\/www.jokinenkonu.com\/#\/schema\/logo\/image\/"},"sameAs":["https:\/\/www.facebook.com\/jokinenkonu","https:\/\/www.instagram.com\/jokinenkonu\/","https:\/\/www.linkedin.com\/company\/jokinen-konu-design-oy\/"]}]}},"_links":{"self":[{"href":"https:\/\/www.jokinenkonu.com\/fi\/wp-json\/wp\/v2\/product\/2002","targetHints":{"allow":["GET"]}}],"collection":[{"href":"https:\/\/www.jokinenkonu.com\/fi\/wp-json\/wp\/v2\/product"}],"about":[{"href":"https:\/\/www.jokinenkonu.com\/fi\/wp-json\/wp\/v2\/types\/product"}],"replies":[{"embeddable":true,"href":"https:\/\/www.jokinenkonu.com\/fi\/wp-json\/wp\/v2\/comments?post=2002"}],"version-history":[{"count":19,"href":"https:\/\/www.jokinenkonu.com\/fi\/wp-json\/wp\/v2\/product\/2002\/revisions"}],"predecessor-version":[{"id":5388,"href":"https:\/\/www.jokinenkonu.com\/fi\/wp-json\/wp\/v2\/product\/2002\/revisions\/5388"}],"wp:featuredmedia":[{"embeddable":true,"href":"https:\/\/www.jokinenkonu.com\/fi\/wp-json\/wp\/v2\/media\/1996"}],"wp:attachment":[{"href":"https:\/\/www.jokinenkonu.com\/fi\/wp-json\/wp\/v2\/media?parent=2002"}],"wp:term":[{"taxonomy":"product_cat","embeddable":true,"href":"https:\/\/www.jokinenkonu.com\/fi\/wp-json\/wp\/v2\/product_cat?post=2002"},{"taxonomy":"product_tag","embeddable":true,"href":"https:\/\/www.jokinenkonu.com\/fi\/wp-json\/wp\/v2\/product_tag?post=2002"}],"curies":[{"name":"wp","href":"https:\/\/api.w.org\/{rel}","templated":true}]}}