{"id":1643,"date":"2021-04-12T11:52:43","date_gmt":"2021-04-12T11:52:43","guid":{"rendered":"https:\/\/www.jokinenkonu.com\/?post_type=product&#038;p=1643"},"modified":"2023-12-04T16:37:39","modified_gmt":"2023-12-04T14:37:39","slug":"innolux-sula","status":"publish","type":"product","link":"https:\/\/www.jokinenkonu.com\/fi\/tuote\/innolux-sula\/","title":{"rendered":"Innolux Sula"},"content":{"rendered":"<div data-elementor-type=\"wp-post\" data-elementor-id=\"1643\" class=\"elementor elementor-1643\">\n\t\t\t\t\t\t<div class=\"elementor-inner\">\n\t\t\t\t<div class=\"elementor-section-wrap\">\n\t\t\t\t\t\t\t\t\t<section class=\"elementor-section elementor-top-section elementor-element elementor-element-4086e7c6 elementor-section-boxed elementor-section-height-default elementor-section-height-default\" data-id=\"4086e7c6\" data-element_type=\"section\">\n\t\t\t\t\t\t<div class=\"elementor-container elementor-column-gap-default\">\n\t\t\t\t\t\t\t<div class=\"elementor-row\">\n\t\t\t\t\t<div class=\"elementor-column elementor-col-100 elementor-top-column elementor-element elementor-element-1e45ceae\" data-id=\"1e45ceae\" data-element_type=\"column\">\n\t\t\t<div class=\"elementor-column-wrap elementor-element-populated\">\n\t\t\t\t\t\t\t<div class=\"elementor-widget-wrap\">\n\t\t\t\t\t\t<div class=\"elementor-element elementor-element-1ccd8ba6 elementor-widget elementor-widget-text-editor\" data-id=\"1ccd8ba6\" data-element_type=\"widget\" data-widget_type=\"text-editor.default\">\n\t\t\t\t<div class=\"elementor-widget-container\">\n\t\t\t\t\t\t\t\t<div class=\"elementor-text-editor elementor-clearfix\">\n\t\t\t\t<h5><span style=\"font-weight: 400;\">Materiaali: Kirkas ja hiekkapuhallettu lasi<\/span><\/h5><h5><span style=\"font-weight: 400;\">Koko: \u2300 26 cm, h = 20 cm<\/span><\/h5><h5><span style=\"font-weight: 400;\">Valonl\u00e4hde: 8W LED\u00a0 (sis\u00e4ltyy pakkaukseen)<\/span><\/h5>\t\t\t\t\t<\/div>\n\t\t\t\t\t\t<\/div>\n\t\t\t\t<\/div>\n\t\t\t\t\t\t<\/div>\n\t\t\t\t\t<\/div>\n\t\t<\/div>\n\t\t\t\t\t\t\t\t<\/div>\n\t\t\t\t\t<\/div>\n\t\t<\/section>\n\t\t\t\t\t\t\t\t\t<\/div>\n\t\t\t<\/div>\n\t\t\t\t\t<\/div>","protected":false},"excerpt":{"rendered":"<h4>Innolux Sula P\u00f6yt\u00e4valaisin<\/h4>\n<p>&nbsp;<\/p>\n<h5><span style=\"font-weight: 400;\">Jukka Jokisen suunnittelema Sula-valaisin\non taideteos itsess\u00e4\u00e4n. Sen kaunis muotokieli\nkiinnitt\u00e4\u00e4 katseen ja pehme\u00e4 valo luo\ntunnelmaa. Kirkkaasta lasista valmistettu\nSula on orgaanisen ja geometrisen muodon\nmielenkiintoinen yhdistelm\u00e4, joka on\nsyntynyt kokeellisen lasinpuhallusprosessin\naikaansaannoksena. Valaisin valmistetaan\nsuupuhaltamalla muottiin ja hiotaan k\u00e4sin.<\/span><\/h5>\n<h5><span style=\"font-weight: 400;\">\u201cLasimuotoilussa on t\u00e4rke\u00e4\u00e4 menn\u00e4 materiaalin ominaisuudet edell\u00e4. Lasivalaisimen tuotantomenetelm\u00e4 pit\u00e4\u00e4 ottaa huomioon alusta asti. Muoto syntyy testaamalla ja ideoiden rohkealla kokeilulla.\u201d<\/span><\/h5>\n<h5 style=\"text-align: left;\"><span style=\"font-weight: 400;\">-Jukka Jokinen<\/span><\/h5>\n<p>&nbsp;<\/p>\n<h4>Ilmainen toimitus Suomessa<\/h4>\n<p>&nbsp;<\/p>","protected":false},"featured_media":1644,"comment_status":"open","ping_status":"closed","template":"elementor_header_footer","meta":{"content-type":"","spay_email":"","_vp_format_video_url":"","_vp_image_focal_point":[]},"product_cat":[24],"product_tag":[50,51,63,57,68,62],"class_list":["post-1643","product","type-product","status-publish","has-post-thumbnail","hentry","product_cat-innoluxlights","product_tag-clear","product_tag-glass","product_tag-innolux","product_tag-light","product_tag-sula","product_tag-table"],"yoast_head":"<!-- This site is optimized with the Yoast SEO plugin v20.10 - https:\/\/yoast.com\/wordpress\/plugins\/seo\/ -->\n<title>Innolux Sula &mdash; Glass Table Light by Jokinen Konu Design<\/title>\n<meta name=\"description\" content=\"SULA table light designed by Jukka Jokinen is a work of art in itself. The beautiful form with soft light draws the eye and creates a cozy atmosphere. Sula is made of clear glass and is a combination of organic and geometric shapes. The clear glass shade is produced by mouth-blowing and polished by hand. Sula can be used as a table light but also as a vase.\" \/>\n<meta name=\"robots\" content=\"index, follow, max-snippet:-1, max-image-preview:large, max-video-preview:-1\" \/>\n<link rel=\"canonical\" href=\"https:\/\/www.jokinenkonu.com\/fi\/tuote\/innolux-sula\/\" \/>\n<meta property=\"og:locale\" content=\"fi_FI\" \/>\n<meta property=\"og:type\" content=\"article\" \/>\n<meta property=\"og:title\" content=\"Innolux Sula &mdash; Glass Table Light by Jokinen Konu Design\" \/>\n<meta property=\"og:description\" content=\"SULA table light designed by Jukka Jokinen is a work of art in itself. The beautiful form with soft light draws the eye and creates a cozy atmosphere. Sula is made of clear glass and is a combination of organic and geometric shapes. The clear glass shade is produced by mouth-blowing and polished by hand. Sula can be used as a table light but also as a vase.\" \/>\n<meta property=\"og:url\" content=\"https:\/\/www.jokinenkonu.com\/fi\/tuote\/innolux-sula\/\" \/>\n<meta property=\"article:publisher\" content=\"https:\/\/www.facebook.com\/jokinenkonu\" \/>\n<meta property=\"article:modified_time\" content=\"2023-12-04T14:37:39+00:00\" \/>\n<meta property=\"og:image\" content=\"https:\/\/www.jokinenkonu.com\/wp-content\/uploads\/2021\/04\/SLF3019.png\" \/>\n\t<meta property=\"og:image:width\" content=\"1726\" \/>\n\t<meta property=\"og:image:height\" content=\"1152\" \/>\n\t<meta property=\"og:image:type\" content=\"image\/png\" \/>\n<meta name=\"twitter:card\" content=\"summary_large_image\" \/>\n<script type=\"application\/ld+json\" class=\"yoast-schema-graph\">{\"@context\":\"https:\/\/schema.org\",\"@graph\":[{\"@type\":\"WebPage\",\"@id\":\"https:\/\/www.jokinenkonu.com\/tuote\/innolux-sula\/\",\"url\":\"https:\/\/www.jokinenkonu.com\/tuote\/innolux-sula\/\",\"name\":\"Innolux Sula &mdash; Glass Table Light by Jokinen Konu Design\",\"isPartOf\":{\"@id\":\"https:\/\/www.jokinenkonu.com\/#website\"},\"datePublished\":\"2021-04-12T11:52:43+00:00\",\"dateModified\":\"2023-12-04T14:37:39+00:00\",\"description\":\"SULA table light designed by Jukka Jokinen is a work of art in itself. The beautiful form with soft light draws the eye and creates a cozy atmosphere. Sula is made of clear glass and is a combination of organic and geometric shapes. The clear glass shade is produced by mouth-blowing and polished by hand. Sula can be used as a table light but also as a vase.\",\"breadcrumb\":{\"@id\":\"https:\/\/www.jokinenkonu.com\/tuote\/innolux-sula\/#breadcrumb\"},\"inLanguage\":\"fi\",\"potentialAction\":[{\"@type\":\"ReadAction\",\"target\":[\"https:\/\/www.jokinenkonu.com\/tuote\/innolux-sula\/\"]}]},{\"@type\":\"BreadcrumbList\",\"@id\":\"https:\/\/www.jokinenkonu.com\/tuote\/innolux-sula\/#breadcrumb\",\"itemListElement\":[{\"@type\":\"ListItem\",\"position\":1,\"name\":\"Etusivu\",\"item\":\"https:\/\/www.jokinenkonu.com\/\"},{\"@type\":\"ListItem\",\"position\":2,\"name\":\"Innolux Sula\"}]},{\"@type\":\"WebSite\",\"@id\":\"https:\/\/www.jokinenkonu.com\/#website\",\"url\":\"https:\/\/www.jokinenkonu.com\/\",\"name\":\"Jokinen Konu Design\",\"description\":\"\",\"publisher\":{\"@id\":\"https:\/\/www.jokinenkonu.com\/#organization\"},\"potentialAction\":[{\"@type\":\"SearchAction\",\"target\":{\"@type\":\"EntryPoint\",\"urlTemplate\":\"https:\/\/www.jokinenkonu.com\/?s={search_term_string}\"},\"query-input\":\"required name=search_term_string\"}],\"inLanguage\":\"fi\"},{\"@type\":\"Organization\",\"@id\":\"https:\/\/www.jokinenkonu.com\/#organization\",\"name\":\"Jokinen Konu Design\",\"url\":\"https:\/\/www.jokinenkonu.com\/\",\"logo\":{\"@type\":\"ImageObject\",\"inLanguage\":\"fi\",\"@id\":\"https:\/\/www.jokinenkonu.com\/#\/schema\/logo\/image\/\",\"url\":\"https:\/\/www.jokinenkonu.com\/wp-content\/uploads\/2020\/08\/cropped-Nayttokuva-2020-8-17-kello-12.45.31-1.png\",\"contentUrl\":\"https:\/\/www.jokinenkonu.com\/wp-content\/uploads\/2020\/08\/cropped-Nayttokuva-2020-8-17-kello-12.45.31-1.png\",\"width\":1794,\"height\":1792,\"caption\":\"Jokinen Konu Design\"},\"image\":{\"@id\":\"https:\/\/www.jokinenkonu.com\/#\/schema\/logo\/image\/\"},\"sameAs\":[\"https:\/\/www.facebook.com\/jokinenkonu\",\"https:\/\/www.instagram.com\/jokinenkonu\/\",\"https:\/\/www.linkedin.com\/company\/jokinen-konu-design-oy\/\"]}]}<\/script>\n<!-- \/ Yoast SEO plugin. -->","yoast_head_json":{"title":"Innolux Sula &mdash; Glass Table Light by Jokinen Konu Design","description":"SULA table light designed by Jukka Jokinen is a work of art in itself. The beautiful form with soft light draws the eye and creates a cozy atmosphere. Sula is made of clear glass and is a combination of organic and geometric shapes. The clear glass shade is produced by mouth-blowing and polished by hand. Sula can be used as a table light but also as a vase.","robots":{"index":"index","follow":"follow","max-snippet":"max-snippet:-1","max-image-preview":"max-image-preview:large","max-video-preview":"max-video-preview:-1"},"canonical":"https:\/\/www.jokinenkonu.com\/fi\/tuote\/innolux-sula\/","og_locale":"fi_FI","og_type":"article","og_title":"Innolux Sula &mdash; Glass Table Light by Jokinen Konu Design","og_description":"SULA table light designed by Jukka Jokinen is a work of art in itself. The beautiful form with soft light draws the eye and creates a cozy atmosphere. Sula is made of clear glass and is a combination of organic and geometric shapes. The clear glass shade is produced by mouth-blowing and polished by hand. Sula can be used as a table light but also as a vase.","og_url":"https:\/\/www.jokinenkonu.com\/fi\/tuote\/innolux-sula\/","article_publisher":"https:\/\/www.facebook.com\/jokinenkonu","article_modified_time":"2023-12-04T14:37:39+00:00","og_image":[{"width":1726,"height":1152,"url":"https:\/\/www.jokinenkonu.com\/wp-content\/uploads\/2021\/04\/SLF3019.png","type":"image\/png"}],"twitter_card":"summary_large_image","schema":{"@context":"https:\/\/schema.org","@graph":[{"@type":"WebPage","@id":"https:\/\/www.jokinenkonu.com\/tuote\/innolux-sula\/","url":"https:\/\/www.jokinenkonu.com\/tuote\/innolux-sula\/","name":"Innolux Sula &mdash; Glass Table Light by Jokinen Konu Design","isPartOf":{"@id":"https:\/\/www.jokinenkonu.com\/#website"},"datePublished":"2021-04-12T11:52:43+00:00","dateModified":"2023-12-04T14:37:39+00:00","description":"SULA table light designed by Jukka Jokinen is a work of art in itself. The beautiful form with soft light draws the eye and creates a cozy atmosphere. Sula is made of clear glass and is a combination of organic and geometric shapes. The clear glass shade is produced by mouth-blowing and polished by hand. Sula can be used as a table light but also as a vase.","breadcrumb":{"@id":"https:\/\/www.jokinenkonu.com\/tuote\/innolux-sula\/#breadcrumb"},"inLanguage":"fi","potentialAction":[{"@type":"ReadAction","target":["https:\/\/www.jokinenkonu.com\/tuote\/innolux-sula\/"]}]},{"@type":"BreadcrumbList","@id":"https:\/\/www.jokinenkonu.com\/tuote\/innolux-sula\/#breadcrumb","itemListElement":[{"@type":"ListItem","position":1,"name":"Etusivu","item":"https:\/\/www.jokinenkonu.com\/"},{"@type":"ListItem","position":2,"name":"Innolux Sula"}]},{"@type":"WebSite","@id":"https:\/\/www.jokinenkonu.com\/#website","url":"https:\/\/www.jokinenkonu.com\/","name":"Jokinen Konu Design","description":"","publisher":{"@id":"https:\/\/www.jokinenkonu.com\/#organization"},"potentialAction":[{"@type":"SearchAction","target":{"@type":"EntryPoint","urlTemplate":"https:\/\/www.jokinenkonu.com\/?s={search_term_string}"},"query-input":"required name=search_term_string"}],"inLanguage":"fi"},{"@type":"Organization","@id":"https:\/\/www.jokinenkonu.com\/#organization","name":"Jokinen Konu Design","url":"https:\/\/www.jokinenkonu.com\/","logo":{"@type":"ImageObject","inLanguage":"fi","@id":"https:\/\/www.jokinenkonu.com\/#\/schema\/logo\/image\/","url":"https:\/\/www.jokinenkonu.com\/wp-content\/uploads\/2020\/08\/cropped-Nayttokuva-2020-8-17-kello-12.45.31-1.png","contentUrl":"https:\/\/www.jokinenkonu.com\/wp-content\/uploads\/2020\/08\/cropped-Nayttokuva-2020-8-17-kello-12.45.31-1.png","width":1794,"height":1792,"caption":"Jokinen Konu Design"},"image":{"@id":"https:\/\/www.jokinenkonu.com\/#\/schema\/logo\/image\/"},"sameAs":["https:\/\/www.facebook.com\/jokinenkonu","https:\/\/www.instagram.com\/jokinenkonu\/","https:\/\/www.linkedin.com\/company\/jokinen-konu-design-oy\/"]}]}},"_links":{"self":[{"href":"https:\/\/www.jokinenkonu.com\/fi\/wp-json\/wp\/v2\/product\/1643","targetHints":{"allow":["GET"]}}],"collection":[{"href":"https:\/\/www.jokinenkonu.com\/fi\/wp-json\/wp\/v2\/product"}],"about":[{"href":"https:\/\/www.jokinenkonu.com\/fi\/wp-json\/wp\/v2\/types\/product"}],"replies":[{"embeddable":true,"href":"https:\/\/www.jokinenkonu.com\/fi\/wp-json\/wp\/v2\/comments?post=1643"}],"version-history":[{"count":8,"href":"https:\/\/www.jokinenkonu.com\/fi\/wp-json\/wp\/v2\/product\/1643\/revisions"}],"predecessor-version":[{"id":2957,"href":"https:\/\/www.jokinenkonu.com\/fi\/wp-json\/wp\/v2\/product\/1643\/revisions\/2957"}],"wp:featuredmedia":[{"embeddable":true,"href":"https:\/\/www.jokinenkonu.com\/fi\/wp-json\/wp\/v2\/media\/1644"}],"wp:attachment":[{"href":"https:\/\/www.jokinenkonu.com\/fi\/wp-json\/wp\/v2\/media?parent=1643"}],"wp:term":[{"taxonomy":"product_cat","embeddable":true,"href":"https:\/\/www.jokinenkonu.com\/fi\/wp-json\/wp\/v2\/product_cat?post=1643"},{"taxonomy":"product_tag","embeddable":true,"href":"https:\/\/www.jokinenkonu.com\/fi\/wp-json\/wp\/v2\/product_tag?post=1643"}],"curies":[{"name":"wp","href":"https:\/\/api.w.org\/{rel}","templated":true}]}}