{"id":1550,"date":"2021-04-07T10:10:49","date_gmt":"2021-04-07T07:10:49","guid":{"rendered":"https:\/\/www.jokinenkonu.com\/?post_type=product&#038;p=1550"},"modified":"2024-04-11T10:28:07","modified_gmt":"2024-04-11T07:28:07","slug":"multi-pendant-s","status":"publish","type":"product","link":"https:\/\/www.jokinenkonu.com\/fi\/tuote\/multi-pendant-s\/","title":{"rendered":"Multi S Original"},"content":{"rendered":"<div data-elementor-type=\"wp-post\" data-elementor-id=\"1550\" class=\"elementor elementor-1550\">\n\t\t\t\t\t\t<div class=\"elementor-inner\">\n\t\t\t\t<div class=\"elementor-section-wrap\">\n\t\t\t\t\t\t\t\t\t<section class=\"elementor-section elementor-top-section elementor-element elementor-element-2203f282 elementor-section-boxed elementor-section-height-default elementor-section-height-default\" data-id=\"2203f282\" data-element_type=\"section\">\n\t\t\t\t\t\t<div class=\"elementor-container elementor-column-gap-default\">\n\t\t\t\t\t\t\t<div class=\"elementor-row\">\n\t\t\t\t\t<div class=\"elementor-column elementor-col-100 elementor-top-column elementor-element elementor-element-287d2c1b\" data-id=\"287d2c1b\" data-element_type=\"column\">\n\t\t\t<div class=\"elementor-column-wrap elementor-element-populated\">\n\t\t\t\t\t\t\t<div class=\"elementor-widget-wrap\">\n\t\t\t\t\t\t<div class=\"elementor-element elementor-element-3a6763b elementor-widget elementor-widget-text-editor\" data-id=\"3a6763b\" data-element_type=\"widget\" data-widget_type=\"text-editor.default\">\n\t\t\t\t<div class=\"elementor-widget-container\">\n\t\t\t\t\t\t\t\t<div class=\"elementor-text-editor elementor-clearfix\">\n\t\t\t\t<h5><span style=\"font-weight: 400;\">HUOM: Original Multi-valaisin on kooltaan hieman pienempi kuin Innoluxin valmistamat Multi-sarjan valaisimet.<\/span><\/h5><h5><span style=\"font-weight: 400;\">Materiaali: Valkoinen lasi<\/span><\/h5><h5><span style=\"font-weight: 400;\">Koko: \u2300 12 cm, h = 14 cm<\/span><\/h5><h5><span style=\"font-weight: 400;\">Valonl\u00e4hde: 1 x LED E27 (ei sis\u00e4ll\u00e4 polttimoa)<\/span><\/h5>\t\t\t\t\t<\/div>\n\t\t\t\t\t\t<\/div>\n\t\t\t\t<\/div>\n\t\t\t\t\t\t<\/div>\n\t\t\t\t\t<\/div>\n\t\t<\/div>\n\t\t\t\t\t\t\t\t<\/div>\n\t\t\t\t\t<\/div>\n\t\t<\/section>\n\t\t\t\t\t\t\t\t\t<\/div>\n\t\t\t<\/div>\n\t\t\t\t\t<\/div>","protected":false},"excerpt":{"rendered":"<h4>Multi Original Riippuvalaisin<\/h4>\n<h4>Valkoinen<\/h4>\n<h4>Pieni<\/h4>\n<p>&nbsp;<\/p>\n<h5><\/h5>\n<h5><span style=\"font-weight: 400;\">Jukka Jokisen ja Heikki Konun Multi -lasivalaisimet edustavat uutta pohjoismaista muotoilua parhaimmillaan. Kauniit ja veistokselliset valaisimet tuottavat kaunista ja pehme\u00e4\u00e4 valoa ymp\u00e4r\u00f6iv\u00e4\u00e4n tilaan. Valaisimet tunnetaan osana kuuluisan Espa-ravintolan sisustusta Helsingin syd\u00e4mess\u00e4. N\u00e4m\u00e4 alkuper\u00e4iset Multi-lasivalaisimet on puhallettu Jokisen ja Konun kehitt\u00e4m\u00e4\u00e4n innovatiiviseen modulaariseen puumuottiin. Suupuhalletut design-valaisimet ovat kansainv\u00e4lisesti palkittuja tuotteita. Voitettuaan Glasmanufaktur Harzkristallin ja Gerhard B\u00fcrger -s\u00e4\u00e4ti\u00f6n kansainv\u00e4lisen lasisuunnittelukilpailun 1. palkinnon vuonna 2018, Jokinen ja Konu saavuttivat nimityksen Formex Nova Nordic Design Award 2020 -palkintoon Multi-lasisarjan my\u00f6t\u00e4.<\/span><\/h5>\n<p>&nbsp;<\/p>\n<h4>Ilmainen toimitus Suomessa<\/h4>\n<p>&nbsp;<\/p>","protected":false},"featured_media":1551,"comment_status":"open","ping_status":"closed","template":"elementor_header_footer","meta":{"content-type":"","spay_email":"","_vp_format_video_url":"","_vp_image_focal_point":[]},"product_cat":[24],"product_tag":[51,27,71,52,53,54],"class_list":["post-1550","product","type-product","status-publish","has-post-thumbnail","hentry","product_cat-innoluxlights","product_tag-glass","product_tag-multi","product_tag-original","product_tag-pendant","product_tag-small","product_tag-white"],"yoast_head":"<!-- This site is optimized with the Yoast SEO plugin v20.10 - https:\/\/yoast.com\/wordpress\/plugins\/seo\/ -->\n<title>Multi S Original &mdash;<\/title>\n<meta name=\"robots\" content=\"index, follow, max-snippet:-1, max-image-preview:large, max-video-preview:-1\" \/>\n<link rel=\"canonical\" href=\"https:\/\/www.jokinenkonu.com\/fi\/tuote\/multi-pendant-s\/\" \/>\n<meta property=\"og:locale\" content=\"fi_FI\" \/>\n<meta property=\"og:type\" content=\"article\" \/>\n<meta property=\"og:title\" content=\"Multi S Original &mdash;\" \/>\n<meta property=\"og:description\" content=\"Multi Original Pendant Light White Small &nbsp;  Original Multi pendant lights by Jukka Jokinen and Heikki Konu represent the new Nordic design at its best. The beautiful and sculptural lights produce beautiful and soft light into the surrounding space. The lights are known as part of the interior design of the renowned restaurant Espa in the heart of Helsinki. These original Multi lights are blown into an innovative modular wood mold developed by Jokinen and Konu. The mouthblown design lights are internationally awarded products. After winning the 1st prize in International Glass Design Award 2018 by Glasmanufaktur Harzkristall and Gerhard B\u00fcrger Foundation, Jokinen and Konu gained nomination for the Formex Nova Nordic Design Award 2020 with the Multi glass series. &nbsp; Free delivery in Finland &nbsp;\" \/>\n<meta property=\"og:url\" content=\"https:\/\/www.jokinenkonu.com\/fi\/tuote\/multi-pendant-s\/\" \/>\n<meta property=\"article:publisher\" content=\"https:\/\/www.facebook.com\/jokinenkonu\" \/>\n<meta property=\"article:modified_time\" content=\"2024-04-11T07:28:07+00:00\" \/>\n<meta property=\"og:image\" content=\"https:\/\/www.jokinenkonu.com\/wp-content\/uploads\/2021\/04\/multi_S_pendant_paraslaatu.png\" \/>\n\t<meta property=\"og:image:width\" content=\"1814\" \/>\n\t<meta property=\"og:image:height\" content=\"1815\" \/>\n\t<meta property=\"og:image:type\" content=\"image\/png\" \/>\n<meta name=\"twitter:card\" content=\"summary_large_image\" \/>\n<script type=\"application\/ld+json\" class=\"yoast-schema-graph\">{\"@context\":\"https:\/\/schema.org\",\"@graph\":[{\"@type\":\"WebPage\",\"@id\":\"https:\/\/www.jokinenkonu.com\/tuote\/multi-pendant-s\/\",\"url\":\"https:\/\/www.jokinenkonu.com\/tuote\/multi-pendant-s\/\",\"name\":\"Multi S Original &mdash;\",\"isPartOf\":{\"@id\":\"https:\/\/www.jokinenkonu.com\/#website\"},\"datePublished\":\"2021-04-07T07:10:49+00:00\",\"dateModified\":\"2024-04-11T07:28:07+00:00\",\"breadcrumb\":{\"@id\":\"https:\/\/www.jokinenkonu.com\/tuote\/multi-pendant-s\/#breadcrumb\"},\"inLanguage\":\"fi\",\"potentialAction\":[{\"@type\":\"ReadAction\",\"target\":[\"https:\/\/www.jokinenkonu.com\/tuote\/multi-pendant-s\/\"]}]},{\"@type\":\"BreadcrumbList\",\"@id\":\"https:\/\/www.jokinenkonu.com\/tuote\/multi-pendant-s\/#breadcrumb\",\"itemListElement\":[{\"@type\":\"ListItem\",\"position\":1,\"name\":\"Etusivu\",\"item\":\"https:\/\/www.jokinenkonu.com\/\"},{\"@type\":\"ListItem\",\"position\":2,\"name\":\"Multi S Original\"}]},{\"@type\":\"WebSite\",\"@id\":\"https:\/\/www.jokinenkonu.com\/#website\",\"url\":\"https:\/\/www.jokinenkonu.com\/\",\"name\":\"Jokinen Konu Design\",\"description\":\"\",\"publisher\":{\"@id\":\"https:\/\/www.jokinenkonu.com\/#organization\"},\"potentialAction\":[{\"@type\":\"SearchAction\",\"target\":{\"@type\":\"EntryPoint\",\"urlTemplate\":\"https:\/\/www.jokinenkonu.com\/?s={search_term_string}\"},\"query-input\":\"required name=search_term_string\"}],\"inLanguage\":\"fi\"},{\"@type\":\"Organization\",\"@id\":\"https:\/\/www.jokinenkonu.com\/#organization\",\"name\":\"Jokinen Konu Design\",\"url\":\"https:\/\/www.jokinenkonu.com\/\",\"logo\":{\"@type\":\"ImageObject\",\"inLanguage\":\"fi\",\"@id\":\"https:\/\/www.jokinenkonu.com\/#\/schema\/logo\/image\/\",\"url\":\"https:\/\/www.jokinenkonu.com\/wp-content\/uploads\/2020\/08\/cropped-Nayttokuva-2020-8-17-kello-12.45.31-1.png\",\"contentUrl\":\"https:\/\/www.jokinenkonu.com\/wp-content\/uploads\/2020\/08\/cropped-Nayttokuva-2020-8-17-kello-12.45.31-1.png\",\"width\":1794,\"height\":1792,\"caption\":\"Jokinen Konu Design\"},\"image\":{\"@id\":\"https:\/\/www.jokinenkonu.com\/#\/schema\/logo\/image\/\"},\"sameAs\":[\"https:\/\/www.facebook.com\/jokinenkonu\",\"https:\/\/www.instagram.com\/jokinenkonu\/\",\"https:\/\/www.linkedin.com\/company\/jokinen-konu-design-oy\/\"]}]}<\/script>\n<!-- \/ Yoast SEO plugin. -->","yoast_head_json":{"title":"Multi S Original &mdash;","robots":{"index":"index","follow":"follow","max-snippet":"max-snippet:-1","max-image-preview":"max-image-preview:large","max-video-preview":"max-video-preview:-1"},"canonical":"https:\/\/www.jokinenkonu.com\/fi\/tuote\/multi-pendant-s\/","og_locale":"fi_FI","og_type":"article","og_title":"Multi S Original &mdash;","og_description":"Multi Original Pendant Light White Small &nbsp;  Original Multi pendant lights by Jukka Jokinen and Heikki Konu represent the new Nordic design at its best. The beautiful and sculptural lights produce beautiful and soft light into the surrounding space. The lights are known as part of the interior design of the renowned restaurant Espa in the heart of Helsinki. These original Multi lights are blown into an innovative modular wood mold developed by Jokinen and Konu. The mouthblown design lights are internationally awarded products. After winning the 1st prize in International Glass Design Award 2018 by Glasmanufaktur Harzkristall and Gerhard B\u00fcrger Foundation, Jokinen and Konu gained nomination for the Formex Nova Nordic Design Award 2020 with the Multi glass series. &nbsp; Free delivery in Finland &nbsp;","og_url":"https:\/\/www.jokinenkonu.com\/fi\/tuote\/multi-pendant-s\/","article_publisher":"https:\/\/www.facebook.com\/jokinenkonu","article_modified_time":"2024-04-11T07:28:07+00:00","og_image":[{"width":1814,"height":1815,"url":"https:\/\/www.jokinenkonu.com\/wp-content\/uploads\/2021\/04\/multi_S_pendant_paraslaatu.png","type":"image\/png"}],"twitter_card":"summary_large_image","schema":{"@context":"https:\/\/schema.org","@graph":[{"@type":"WebPage","@id":"https:\/\/www.jokinenkonu.com\/tuote\/multi-pendant-s\/","url":"https:\/\/www.jokinenkonu.com\/tuote\/multi-pendant-s\/","name":"Multi S Original &mdash;","isPartOf":{"@id":"https:\/\/www.jokinenkonu.com\/#website"},"datePublished":"2021-04-07T07:10:49+00:00","dateModified":"2024-04-11T07:28:07+00:00","breadcrumb":{"@id":"https:\/\/www.jokinenkonu.com\/tuote\/multi-pendant-s\/#breadcrumb"},"inLanguage":"fi","potentialAction":[{"@type":"ReadAction","target":["https:\/\/www.jokinenkonu.com\/tuote\/multi-pendant-s\/"]}]},{"@type":"BreadcrumbList","@id":"https:\/\/www.jokinenkonu.com\/tuote\/multi-pendant-s\/#breadcrumb","itemListElement":[{"@type":"ListItem","position":1,"name":"Etusivu","item":"https:\/\/www.jokinenkonu.com\/"},{"@type":"ListItem","position":2,"name":"Multi S Original"}]},{"@type":"WebSite","@id":"https:\/\/www.jokinenkonu.com\/#website","url":"https:\/\/www.jokinenkonu.com\/","name":"Jokinen Konu Design","description":"","publisher":{"@id":"https:\/\/www.jokinenkonu.com\/#organization"},"potentialAction":[{"@type":"SearchAction","target":{"@type":"EntryPoint","urlTemplate":"https:\/\/www.jokinenkonu.com\/?s={search_term_string}"},"query-input":"required name=search_term_string"}],"inLanguage":"fi"},{"@type":"Organization","@id":"https:\/\/www.jokinenkonu.com\/#organization","name":"Jokinen Konu Design","url":"https:\/\/www.jokinenkonu.com\/","logo":{"@type":"ImageObject","inLanguage":"fi","@id":"https:\/\/www.jokinenkonu.com\/#\/schema\/logo\/image\/","url":"https:\/\/www.jokinenkonu.com\/wp-content\/uploads\/2020\/08\/cropped-Nayttokuva-2020-8-17-kello-12.45.31-1.png","contentUrl":"https:\/\/www.jokinenkonu.com\/wp-content\/uploads\/2020\/08\/cropped-Nayttokuva-2020-8-17-kello-12.45.31-1.png","width":1794,"height":1792,"caption":"Jokinen Konu Design"},"image":{"@id":"https:\/\/www.jokinenkonu.com\/#\/schema\/logo\/image\/"},"sameAs":["https:\/\/www.facebook.com\/jokinenkonu","https:\/\/www.instagram.com\/jokinenkonu\/","https:\/\/www.linkedin.com\/company\/jokinen-konu-design-oy\/"]}]}},"_links":{"self":[{"href":"https:\/\/www.jokinenkonu.com\/fi\/wp-json\/wp\/v2\/product\/1550","targetHints":{"allow":["GET"]}}],"collection":[{"href":"https:\/\/www.jokinenkonu.com\/fi\/wp-json\/wp\/v2\/product"}],"about":[{"href":"https:\/\/www.jokinenkonu.com\/fi\/wp-json\/wp\/v2\/types\/product"}],"replies":[{"embeddable":true,"href":"https:\/\/www.jokinenkonu.com\/fi\/wp-json\/wp\/v2\/comments?post=1550"}],"version-history":[{"count":11,"href":"https:\/\/www.jokinenkonu.com\/fi\/wp-json\/wp\/v2\/product\/1550\/revisions"}],"predecessor-version":[{"id":2979,"href":"https:\/\/www.jokinenkonu.com\/fi\/wp-json\/wp\/v2\/product\/1550\/revisions\/2979"}],"wp:featuredmedia":[{"embeddable":true,"href":"https:\/\/www.jokinenkonu.com\/fi\/wp-json\/wp\/v2\/media\/1551"}],"wp:attachment":[{"href":"https:\/\/www.jokinenkonu.com\/fi\/wp-json\/wp\/v2\/media?parent=1550"}],"wp:term":[{"taxonomy":"product_cat","embeddable":true,"href":"https:\/\/www.jokinenkonu.com\/fi\/wp-json\/wp\/v2\/product_cat?post=1550"},{"taxonomy":"product_tag","embeddable":true,"href":"https:\/\/www.jokinenkonu.com\/fi\/wp-json\/wp\/v2\/product_tag?post=1550"}],"curies":[{"name":"wp","href":"https:\/\/api.w.org\/{rel}","templated":true}]}}